{"id":7565,"date":"2025-12-02T20:31:16","date_gmt":"2025-12-02T19:31:16","guid":{"rendered":"https:\/\/blockhaus-ahlhorn.de\/aktualizacje\/"},"modified":"2026-02-18T14:48:24","modified_gmt":"2026-02-18T13:48:24","slug":"aktualizacje","status":"publish","type":"page","link":"https:\/\/blockhaus-ahlhorn.de\/pl\/aktualizacje\/","title":{"rendered":"Aktualizacje"},"content":{"rendered":"\n<div style=\"height:116px\" aria-hidden=\"true\" class=\"wp-block-spacer\"><\/div>\n\n<div class=\"wp-block-stackable-columns alignfull stk-block-columns stk-block stk-40c4c44 stk-block-background stk--has-background-overlay\" data-block-id=\"40c4c44\"><style>.stk-40c4c44 {background-color:transparent !important;background-image:url(https:\/\/blockhaus-ahlhorn.de\/wp-content\/uploads\/2022\/11\/20221121-_DSC8682-scaled.jpg) !important;min-height:700px !important;align-items:center !important;margin-bottom:0px !important;display:flex !important;}.stk-40c4c44:before{opacity:0.5 !important;background-image:linear-gradient(90deg, var(--theme-palette-color-4, #192a3d) 0%, rgba(0,0,0,0) 100%) !important;}<\/style><div class=\"stk-row stk-inner-blocks stk-block-content stk-content-align stk-40c4c44-column alignwide\">\n<div class=\"wp-block-stackable-column stk-block-column stk-column stk-block stk-577c905\" data-v=\"4\" data-block-id=\"577c905\"><div class=\"stk-column-wrapper stk-block-column__content stk-container stk-577c905-container stk--no-background stk--no-padding\"><div class=\"stk-block-content stk-inner-blocks stk-577c905-inner-blocks\">\n<div class=\"wp-block-stackable-columns stk-block-columns stk-block stk-a58c989\" data-block-id=\"a58c989\"><style>.stk-a58c989 {padding-left:3em !important;}@media screen and (max-width:999px){.stk-a58c989 {padding-left:0px !important;}}@media screen and (max-width:689px){.stk-a58c989 {padding-left:0px !important;}}<\/style><div class=\"stk-row stk-inner-blocks stk-block-content stk-content-align stk-a58c989-column\">\n<div class=\"wp-block-stackable-column stk-block-column stk-column stk-block stk-f13b9bb\" data-v=\"4\" data-block-id=\"f13b9bb\"><style>@media screen and (min-width:690px){.stk-f13b9bb {flex:var(--stk-flex-grow, 1) 1 calc(56.7% - var(--stk-column-gap, 0px) * 1 \/ 2 ) !important;}}<\/style><div class=\"stk-column-wrapper stk-block-column__content stk-container stk-f13b9bb-container stk--no-background stk--no-padding\"><div class=\"stk-block-content stk-inner-blocks stk-f13b9bb-inner-blocks\">\n<div class=\"wp-block-stackable-spacer stk-block-spacer stk--no-padding stk-block stk-3f961c7\" data-block-id=\"3f961c7\"><style>.stk-3f961c7 {height:40px !important;}<\/style><\/div>\n\n\n\n<div class=\"wp-block-stackable-heading stk-block-heading stk-block-heading--v2 stk-block stk-3e6d85a\" id=\"strong-aktuelles-aus-dem-strong-br-strong-blockhaus-ahlhorn-strong\" data-block-id=\"3e6d85a\"><style>.stk-3e6d85a .stk-block-heading__text{color:var(--theme-palette-color-8, #ffffff) !important;}<\/style><h1 class=\"stk-block-heading__text has-text-color stk-block-heading--use-theme-margins\"><strong>Wiadomo\u015bci z <\/strong><br\/><strong>Drewniana chata Ahlhorn<\/strong><\/h1><\/div>\n<\/div><\/div><\/div>\n\n\n\n<div class=\"wp-block-stackable-column stk-block-column stk-column stk-block stk-db87e09\" data-v=\"4\" data-block-id=\"db87e09\"><style>@media screen and (min-width:690px){.stk-db87e09 {flex:var(--stk-flex-grow, 1) 1 calc(43.3% - var(--stk-column-gap, 0px) * 1 \/ 2 ) !important;}}<\/style><div class=\"stk-column-wrapper stk-block-column__content stk-container stk-db87e09-container stk--no-background stk--no-padding\"><div class=\"stk-block-content stk-inner-blocks stk-db87e09-inner-blocks\">\n<div class=\"wp-block-stackable-spacer stk-block-spacer stk--no-padding stk-block stk-4727556\" data-block-id=\"4727556\"><style>.stk-4727556 {height:404px !important;}<\/style><\/div>\n<\/div><\/div><\/div>\n<\/div><\/div>\n<\/div><\/div><\/div>\n<\/div><\/div>\n\n<div class=\"wp-block-stackable-columns alignfull stk-block-columns stk-block stk-5d7c9e8 stk-block-background\" id=\"termine\" data-block-id=\"5d7c9e8\"><style>.stk-5d7c9e8 {background-color:var(u002du002dtheme-palette-color-3, #3A4F66) !important;min-height:30vh !important;align-items:center !important;padding-top:0px !important;padding-right:0px !important;padding-bottom:0px !important;padding-left:0px !important;margin-top:-5px !important;margin-bottom:0px !important;display:flex !important;}.stk-5d7c9e8:before{background-color:var(u002du002dtheme-palette-color-3, #3A4F66) !important;}@media screen and (max-width:689px){.stk-5d7c9e8 {padding-top:70px !important;padding-bottom:30px !important;}}<\/style><div class=\"stk-row stk-inner-blocks stk-block-content stk-content-align stk-5d7c9e8-column\">\n<div class=\"wp-block-stackable-column stk-block-column stk-column stk-block stk-5881936\" data-v=\"4\" data-block-id=\"5881936\"><style>.stk-5881936-container{margin-top:0px !important;margin-right:0px !important;margin-bottom:0px !important;margin-left:0px !important;}.stk-5881936 {align-self:center !important;}@media screen and (min-width:690px) and (max-width:999px){.stk-5881936 {flex:var(--stk-flex-grow, 1) 1 calc(60% - var(--stk-column-gap, 0px) * 1 \/ 2 ) !important;}}<\/style><div class=\"stk-column-wrapper stk-block-column__content stk-container stk-5881936-container stk--no-background stk--no-padding\"><div class=\"has-text-align-center-mobile stk-block-content stk-inner-blocks stk-5881936-inner-blocks\">\n<div class=\"wp-block-stackable-heading stk-block-heading stk-block-heading--v2 stk-block stk-4a7c4a6\" id=\"termine\" data-block-id=\"4a7c4a6\"><style>.stk-4a7c4a6 {margin-bottom:8px !important;}.stk-4a7c4a6 .stk-block-heading__text{font-size:60px !important;color:var(u002du002dtheme-palette-color-4, #192a3d) !important;}@media screen and (max-width:999px){.stk-4a7c4a6 .stk-block-heading__text{font-size:50px !important;}}<\/style><h2 class=\"stk-block-heading__text has-text-color has-text-align-center\">Daty<\/h2><\/div>\n<\/div><\/div><\/div>\n<\/div><\/div>\n\n<div class=\"wp-block-stackable-spacer stk-block-spacer stk--no-padding stk-block stk-d1c0533\" data-block-id=\"d1c0533\"><style>.stk-d1c0533 {height:50px !important;}<\/style><\/div>\n\n<div class=\"wp-block-stackable-spacer stk-block-spacer stk--no-padding stk-block stk-1153a77\" data-block-id=\"1153a77\"><style>.stk-1153a77 {height:100px !important;}<\/style><\/div>\n\n<div class=\"wp-block-stackable-columns alignfull stk-block-columns stk-block stk-1f1bb3e stk-block-background\" id=\"newsletter\" data-block-id=\"1f1bb3e\"><style>.stk-1f1bb3e {background-color:var(u002du002dtheme-palette-color-3, #3A4F66) !important;min-height:30vh !important;align-items:center !important;padding-top:0px !important;padding-right:0px !important;padding-bottom:0px !important;padding-left:0px !important;margin-top:-5px !important;margin-bottom:0px !important;display:flex !important;}.stk-1f1bb3e:before{background-color:var(u002du002dtheme-palette-color-3, #3A4F66) !important;}@media screen and (max-width:689px){.stk-1f1bb3e {padding-top:70px !important;padding-bottom:30px !important;}}<\/style><div class=\"stk-row stk-inner-blocks stk-block-content stk-content-align stk-1f1bb3e-column\">\n<div class=\"wp-block-stackable-column stk-block-column stk-column stk-block stk-9e8a39d\" data-v=\"4\" data-block-id=\"9e8a39d\"><style>.stk-9e8a39d-container{margin-top:0px !important;margin-right:0px !important;margin-bottom:0px !important;margin-left:0px !important;}.stk-9e8a39d {align-self:center !important;}@media screen and (min-width:690px) and (max-width:999px){.stk-9e8a39d {flex:var(--stk-flex-grow, 1) 1 calc(60% - var(--stk-column-gap, 0px) * 1 \/ 2 ) !important;}}<\/style><div class=\"stk-column-wrapper stk-block-column__content stk-container stk-9e8a39d-container stk--no-background stk--no-padding\"><div class=\"has-text-align-center-mobile stk-block-content stk-inner-blocks stk-9e8a39d-inner-blocks\">\n<div class=\"wp-block-stackable-heading stk-block-heading stk-block-heading--v2 stk-block stk-1ca0a97\" id=\"newsletter\" data-block-id=\"1ca0a97\"><style>.stk-1ca0a97 {margin-bottom:8px !important;}.stk-1ca0a97 .stk-block-heading__text{font-size:60px !important;color:var(u002du002dtheme-palette-color-4, #192a3d) !important;}@media screen and (max-width:999px){.stk-1ca0a97 .stk-block-heading__text{font-size:50px !important;}}<\/style><h2 class=\"stk-block-heading__text has-text-color has-text-align-center\">Biuletyn informacyjny<\/h2><\/div>\n<\/div><\/div><\/div>\n<\/div><\/div>\n\n<div class=\"wp-block-stackable-spacer stk-block-spacer stk--no-padding stk-block stk-13fc61e\" data-block-id=\"13fc61e\"><style>.stk-13fc61e {height:50px !important;}<\/style><\/div>\n\n<figure class=\"wp-block-image aligncenter size-large\"><a href=\"https:\/\/blockhaus-ahlhorn.de\/wp-content\/uploads\/2025\/12\/Newsletter-1.pdf\"><img loading=\"lazy\" decoding=\"async\" width=\"724\" height=\"1024\" src=\"https:\/\/blockhaus-ahlhorn.de\/wp-content\/uploads\/2025\/12\/Newsletter-1-pdf-724x1024.jpg\" alt=\"\" class=\"wp-image-7551\"\/><\/a><\/figure>\n<div class=\"wp-block-stackable-spacer stk-block-spacer stk--no-padding stk-block stk-59c3411\" data-block-id=\"59c3411\"><style>.stk-59c3411 {height:100px !important;}<\/style><\/div>\n\n<div class=\"wp-block-stackable-columns alignfull stk-block-columns stk-block stk-18c54c9 stk-block-background\" id=\"kochbuch\" data-block-id=\"18c54c9\"><style>.stk-18c54c9 {background-color:var(u002du002dtheme-palette-color-3, #3A4F66) !important;min-height:30vh !important;align-items:center !important;padding-top:0px !important;padding-right:0px !important;padding-bottom:0px !important;padding-left:0px !important;margin-top:-5px !important;margin-bottom:0px !important;display:flex !important;}.stk-18c54c9:before{background-color:var(u002du002dtheme-palette-color-3, #3A4F66) !important;}@media screen and (max-width:689px){.stk-18c54c9 {padding-top:70px !important;padding-bottom:30px !important;}}<\/style><div class=\"stk-row stk-inner-blocks stk-block-content stk-content-align stk-18c54c9-column\">\n<div class=\"wp-block-stackable-column stk-block-column stk-column stk-block stk-d4a454e\" data-v=\"4\" data-block-id=\"d4a454e\"><style>.stk-d4a454e-container{margin-top:0px !important;margin-right:0px !important;margin-bottom:0px !important;margin-left:0px !important;}.stk-d4a454e {align-self:center !important;}@media screen and (min-width:690px) and (max-width:999px){.stk-d4a454e {flex:var(--stk-flex-grow, 1) 1 calc(60% - var(--stk-column-gap, 0px) * 1 \/ 2 ) !important;}}<\/style><div class=\"stk-column-wrapper stk-block-column__content stk-container stk-d4a454e-container stk--no-background stk--no-padding\"><div class=\"has-text-align-center-mobile stk-block-content stk-inner-blocks stk-d4a454e-inner-blocks\">\n<div class=\"wp-block-stackable-heading stk-block-heading stk-block-heading--v2 stk-block stk-4db2d51\" id=\"kochbuch\" data-block-id=\"4db2d51\"><style>.stk-4db2d51 {margin-bottom:8px !important;}.stk-4db2d51 .stk-block-heading__text{font-size:60px !important;color:var(u002du002dtheme-palette-color-4, #192a3d) !important;}@media screen and (max-width:999px){.stk-4db2d51 .stk-block-heading__text{font-size:50px !important;}}<\/style><h2 class=\"stk-block-heading__text has-text-color has-text-align-center\">Ksi\u0105\u017cka kucharska<\/h2><\/div>\n<\/div><\/div><\/div>\n<\/div><\/div>\n\n<div class=\"wp-block-stackable-spacer stk-block-spacer stk--no-padding stk-block stk-e431ae9\" data-block-id=\"e431ae9\"><style>.stk-e431ae9 {height:50px !important;}<\/style><\/div>\n\n<div class=\"wp-block-stackable-feature stk-block-feature stk-block stk-66954d8 is-style-default\" data-v=\"2\" data-block-id=\"66954d8\"><style>.stk-66954d8 {--stk-feature-flex-wrap:nowrap !important;box-shadow:0px 2px 20px #99999933 !important;max-width:80% !important;min-width:auto !important;}<\/style><div class=\"stk-content-align stk-66954d8-column stk-container stk-66954d8-container stk--no-background stk--no-padding\"><div class=\"stk-inner-blocks stk-block-content stk-row\">\n<div class=\"wp-block-stackable-column stk-block-column stk-column stk-block stk-0c1edad\" data-v=\"4\" data-block-id=\"0c1edad\"><style>.stk-0c1edad {align-self:center !important;}@media screen and (min-width:690px){.stk-0c1edad {flex:var(--stk-flex-grow, 1) 1 calc(75% - var(--stk-column-gap, 0px) * 1 \/ 2 ) !important;}}<\/style><div class=\"stk-column-wrapper stk-block-column__content stk-container stk-0c1edad-container stk--no-background stk--no-padding\"><div class=\"stk-block-content stk-inner-blocks stk-0c1edad-inner-blocks\">\n<div class=\"wp-block-stackable-heading stk-block-heading stk-block-heading--v2 stk-block stk-47e96fe\" id=\"kochbuch\" data-block-id=\"47e96fe\"><style>.stk-47e96fe {padding-top:20px !important;padding-right:20px !important;padding-bottom:20px !important;padding-left:20px !important;}<\/style><h2 class=\"stk-block-heading__text\">Ksi\u0105\u017cka kucharska<\/h2><\/div>\n\n\n\n<div class=\"wp-block-stackable-text stk-block-text stk-block stk-4cdbbeb\" data-block-id=\"4cdbbeb\"><style>.stk-4cdbbeb {padding-top:20px !important;padding-right:20px !important;padding-bottom:20px !important;padding-left:20px !important;}<\/style><p class=\"stk-block-text__text\">Ksi\u0105\u017ck\u0119 kucharsk\u0105 mo\u017cna naby\u0107 w recepcji domku Ahlhorn za 10 \u20ac.<\/p><\/div>\n<\/div><\/div><\/div>\n\n\n\n<div class=\"wp-block-stackable-column stk-block-column stk-column stk-block stk-db76d89\" data-v=\"4\" data-block-id=\"db76d89\"><style>.stk-db76d89 {align-self:center !important;}@media screen and (min-width:690px){.stk-db76d89 {flex:var(--stk-flex-grow, 1) 1 calc(25% - var(--stk-column-gap, 0px) * 1 \/ 2 ) !important;}}<\/style><div class=\"stk-column-wrapper stk-block-column__content stk-container stk-db76d89-container stk--no-background stk--no-padding\"><div class=\"stk-block-content stk-inner-blocks stk-db76d89-inner-blocks\">\n<div class=\"wp-block-stackable-image stk-block-image stk-block stk-68ccb69\" data-block-id=\"68ccb69\"><figure><span class=\"stk-img-wrapper stk-image--shape-stretch\"><img loading=\"lazy\" decoding=\"async\" class=\"stk-img wp-image-7485\" src=\"https:\/\/blockhaus-ahlhorn.de\/wp-content\/uploads\/2025\/11\/Collage-Kochbuch-scaled.jpeg\" width=\"2560\" height=\"2560\" srcset=\"https:\/\/blockhaus-ahlhorn.de\/wp-content\/uploads\/2025\/11\/Collage-Kochbuch-scaled.jpeg 2560w, https:\/\/blockhaus-ahlhorn.de\/wp-content\/uploads\/2025\/11\/Collage-Kochbuch-300x300.jpeg 300w, https:\/\/blockhaus-ahlhorn.de\/wp-content\/uploads\/2025\/11\/Collage-Kochbuch-1024x1024.jpeg 1024w, https:\/\/blockhaus-ahlhorn.de\/wp-content\/uploads\/2025\/11\/Collage-Kochbuch-150x150.jpeg 150w, https:\/\/blockhaus-ahlhorn.de\/wp-content\/uploads\/2025\/11\/Collage-Kochbuch-768x768.jpeg 768w, https:\/\/blockhaus-ahlhorn.de\/wp-content\/uploads\/2025\/11\/Collage-Kochbuch-1536x1536.jpeg 1536w, https:\/\/blockhaus-ahlhorn.de\/wp-content\/uploads\/2025\/11\/Collage-Kochbuch-2048x2048.jpeg 2048w\" sizes=\"auto, (max-width: 2560px) 100vw, 2560px\" \/><\/span><\/figure><\/div>\n<\/div><\/div><\/div>\n<\/div><\/div><\/div>\n\n<div class=\"wp-block-stackable-spacer stk-block-spacer stk--no-padding stk-block stk-22587f9\" data-block-id=\"22587f9\"><style>.stk-22587f9 {height:100px !important;}<\/style><\/div>\n\n<p><\/p>\n\n<p><\/p>\n\n<p><\/p>\n","protected":false},"excerpt":{"rendered":"<p>Wiadomo\u015bci z Drewniana chata Ahlhorn Daty Biuletyn informacyjny Ksi\u0105\u017cka kucharska Ksi\u0105\u017cka kucharska Ksi\u0105\u017ck\u0119 kucharsk\u0105 mo\u017cna naby\u0107 w recepcji domku Ahlhorn za 10 \u20ac.<\/p>\n","protected":false},"author":1,"featured_media":0,"parent":0,"menu_order":0,"comment_status":"closed","ping_status":"closed","template":"","meta":{"ngg_post_thumbnail":0,"footnotes":""},"class_list":["post-7565","page","type-page","status-publish","hentry"],"blocksy_meta":{"vertical_spacing_source":"custom","content_area_spacing":"none","styles_descriptor":{"styles":{"desktop":"","tablet":"","mobile":""},"google_fonts":[],"version":6},"has_hero_section":"disabled"},"yoast_head":"<!-- This site is optimized with the Yoast SEO plugin v27.3 - https:\/\/yoast.com\/product\/yoast-seo-wordpress\/ -->\n<title>Aktualizacje - Blockhaus Ahlhorn<\/title>\n<meta name=\"robots\" content=\"index, follow, max-snippet:-1, max-image-preview:large, max-video-preview:-1\" \/>\n<link rel=\"canonical\" href=\"https:\/\/blockhaus-ahlhorn.de\/pl\/aktualizacje\/\" \/>\n<meta property=\"og:locale\" content=\"pl_PL\" \/>\n<meta property=\"og:type\" content=\"article\" \/>\n<meta property=\"og:title\" content=\"Aktualizacje - Blockhaus Ahlhorn\" \/>\n<meta property=\"og:description\" content=\"Wiadomo\u015bci z Drewniana chata Ahlhorn Daty Biuletyn informacyjny Ksi\u0105\u017cka kucharska Ksi\u0105\u017cka kucharska Ksi\u0105\u017ck\u0119 kucharsk\u0105 mo\u017cna naby\u0107 w recepcji domku Ahlhorn za 10 \u20ac.\" \/>\n<meta property=\"og:url\" content=\"https:\/\/blockhaus-ahlhorn.de\/pl\/aktualizacje\/\" \/>\n<meta property=\"og:site_name\" content=\"Blockhaus Ahlhorn\" \/>\n<meta property=\"article:modified_time\" content=\"2026-02-18T13:48:24+00:00\" \/>\n<meta name=\"twitter:card\" content=\"summary_large_image\" \/>\n<script type=\"application\/ld+json\" class=\"yoast-schema-graph\">{\"@context\":\"https:\\\/\\\/schema.org\",\"@graph\":[{\"@type\":\"WebPage\",\"@id\":\"https:\\\/\\\/blockhaus-ahlhorn.de\\\/pl\\\/aktualizacje\\\/\",\"url\":\"https:\\\/\\\/blockhaus-ahlhorn.de\\\/pl\\\/aktualizacje\\\/\",\"name\":\"Aktualizacje - Blockhaus Ahlhorn\",\"isPartOf\":{\"@id\":\"https:\\\/\\\/blockhaus-ahlhorn.de\\\/pl\\\/#website\"},\"primaryImageOfPage\":{\"@id\":\"https:\\\/\\\/blockhaus-ahlhorn.de\\\/pl\\\/aktualizacje\\\/#primaryimage\"},\"image\":{\"@id\":\"https:\\\/\\\/blockhaus-ahlhorn.de\\\/pl\\\/aktualizacje\\\/#primaryimage\"},\"thumbnailUrl\":\"https:\\\/\\\/blockhaus-ahlhorn.de\\\/wp-content\\\/uploads\\\/2025\\\/12\\\/Newsletter-1-pdf-724x1024.jpg\",\"datePublished\":\"2025-12-02T19:31:16+00:00\",\"dateModified\":\"2026-02-18T13:48:24+00:00\",\"breadcrumb\":{\"@id\":\"https:\\\/\\\/blockhaus-ahlhorn.de\\\/pl\\\/aktualizacje\\\/#breadcrumb\"},\"inLanguage\":\"pl-PL\",\"potentialAction\":[{\"@type\":\"ReadAction\",\"target\":[\"https:\\\/\\\/blockhaus-ahlhorn.de\\\/pl\\\/aktualizacje\\\/\"]}]},{\"@type\":\"ImageObject\",\"inLanguage\":\"pl-PL\",\"@id\":\"https:\\\/\\\/blockhaus-ahlhorn.de\\\/pl\\\/aktualizacje\\\/#primaryimage\",\"url\":\"https:\\\/\\\/blockhaus-ahlhorn.de\\\/wp-content\\\/uploads\\\/2025\\\/12\\\/Newsletter-1-pdf-724x1024.jpg\",\"contentUrl\":\"https:\\\/\\\/blockhaus-ahlhorn.de\\\/wp-content\\\/uploads\\\/2025\\\/12\\\/Newsletter-1-pdf-724x1024.jpg\"},{\"@type\":\"BreadcrumbList\",\"@id\":\"https:\\\/\\\/blockhaus-ahlhorn.de\\\/pl\\\/aktualizacje\\\/#breadcrumb\",\"itemListElement\":[{\"@type\":\"ListItem\",\"position\":1,\"name\":\"Startseite\",\"item\":\"https:\\\/\\\/blockhaus-ahlhorn.de\\\/pl\\\/\"},{\"@type\":\"ListItem\",\"position\":2,\"name\":\"Aktualizacje\"}]},{\"@type\":\"WebSite\",\"@id\":\"https:\\\/\\\/blockhaus-ahlhorn.de\\\/pl\\\/#website\",\"url\":\"https:\\\/\\\/blockhaus-ahlhorn.de\\\/pl\\\/\",\"name\":\"Blockhaus Ahlhorn\",\"description\":\"Heimatverbunden in Ahlhorn, Niedersachsen\",\"publisher\":{\"@id\":\"https:\\\/\\\/blockhaus-ahlhorn.de\\\/pl\\\/#organization\"},\"potentialAction\":[{\"@type\":\"SearchAction\",\"target\":{\"@type\":\"EntryPoint\",\"urlTemplate\":\"https:\\\/\\\/blockhaus-ahlhorn.de\\\/pl\\\/?s={search_term_string}\"},\"query-input\":{\"@type\":\"PropertyValueSpecification\",\"valueRequired\":true,\"valueName\":\"search_term_string\"}}],\"inLanguage\":\"pl-PL\"},{\"@type\":\"Organization\",\"@id\":\"https:\\\/\\\/blockhaus-ahlhorn.de\\\/pl\\\/#organization\",\"name\":\"Blockhaus Ahlhorn\",\"url\":\"https:\\\/\\\/blockhaus-ahlhorn.de\\\/pl\\\/\",\"logo\":{\"@type\":\"ImageObject\",\"inLanguage\":\"pl-PL\",\"@id\":\"https:\\\/\\\/blockhaus-ahlhorn.de\\\/pl\\\/#\\\/schema\\\/logo\\\/image\\\/\",\"url\":\"https:\\\/\\\/blockhaus-ahlhorn.de\\\/wp-content\\\/uploads\\\/2022\\\/11\\\/Logo-Blockhaus-Alhorn.png\",\"contentUrl\":\"https:\\\/\\\/blockhaus-ahlhorn.de\\\/wp-content\\\/uploads\\\/2022\\\/11\\\/Logo-Blockhaus-Alhorn.png\",\"width\":1200,\"height\":350,\"caption\":\"Blockhaus Ahlhorn\"},\"image\":{\"@id\":\"https:\\\/\\\/blockhaus-ahlhorn.de\\\/pl\\\/#\\\/schema\\\/logo\\\/image\\\/\"}}]}<\/script>\n<!-- \/ Yoast SEO plugin. -->","yoast_head_json":{"title":"Aktualizacje - Blockhaus Ahlhorn","robots":{"index":"index","follow":"follow","max-snippet":"max-snippet:-1","max-image-preview":"max-image-preview:large","max-video-preview":"max-video-preview:-1"},"canonical":"https:\/\/blockhaus-ahlhorn.de\/pl\/aktualizacje\/","og_locale":"pl_PL","og_type":"article","og_title":"Aktualizacje - Blockhaus Ahlhorn","og_description":"Wiadomo\u015bci z Drewniana chata Ahlhorn Daty Biuletyn informacyjny Ksi\u0105\u017cka kucharska Ksi\u0105\u017cka kucharska Ksi\u0105\u017ck\u0119 kucharsk\u0105 mo\u017cna naby\u0107 w recepcji domku Ahlhorn za 10 \u20ac.","og_url":"https:\/\/blockhaus-ahlhorn.de\/pl\/aktualizacje\/","og_site_name":"Blockhaus Ahlhorn","article_modified_time":"2026-02-18T13:48:24+00:00","twitter_card":"summary_large_image","schema":{"@context":"https:\/\/schema.org","@graph":[{"@type":"WebPage","@id":"https:\/\/blockhaus-ahlhorn.de\/pl\/aktualizacje\/","url":"https:\/\/blockhaus-ahlhorn.de\/pl\/aktualizacje\/","name":"Aktualizacje - Blockhaus Ahlhorn","isPartOf":{"@id":"https:\/\/blockhaus-ahlhorn.de\/pl\/#website"},"primaryImageOfPage":{"@id":"https:\/\/blockhaus-ahlhorn.de\/pl\/aktualizacje\/#primaryimage"},"image":{"@id":"https:\/\/blockhaus-ahlhorn.de\/pl\/aktualizacje\/#primaryimage"},"thumbnailUrl":"https:\/\/blockhaus-ahlhorn.de\/wp-content\/uploads\/2025\/12\/Newsletter-1-pdf-724x1024.jpg","datePublished":"2025-12-02T19:31:16+00:00","dateModified":"2026-02-18T13:48:24+00:00","breadcrumb":{"@id":"https:\/\/blockhaus-ahlhorn.de\/pl\/aktualizacje\/#breadcrumb"},"inLanguage":"pl-PL","potentialAction":[{"@type":"ReadAction","target":["https:\/\/blockhaus-ahlhorn.de\/pl\/aktualizacje\/"]}]},{"@type":"ImageObject","inLanguage":"pl-PL","@id":"https:\/\/blockhaus-ahlhorn.de\/pl\/aktualizacje\/#primaryimage","url":"https:\/\/blockhaus-ahlhorn.de\/wp-content\/uploads\/2025\/12\/Newsletter-1-pdf-724x1024.jpg","contentUrl":"https:\/\/blockhaus-ahlhorn.de\/wp-content\/uploads\/2025\/12\/Newsletter-1-pdf-724x1024.jpg"},{"@type":"BreadcrumbList","@id":"https:\/\/blockhaus-ahlhorn.de\/pl\/aktualizacje\/#breadcrumb","itemListElement":[{"@type":"ListItem","position":1,"name":"Startseite","item":"https:\/\/blockhaus-ahlhorn.de\/pl\/"},{"@type":"ListItem","position":2,"name":"Aktualizacje"}]},{"@type":"WebSite","@id":"https:\/\/blockhaus-ahlhorn.de\/pl\/#website","url":"https:\/\/blockhaus-ahlhorn.de\/pl\/","name":"Blockhaus Ahlhorn","description":"Heimatverbunden in Ahlhorn, Niedersachsen","publisher":{"@id":"https:\/\/blockhaus-ahlhorn.de\/pl\/#organization"},"potentialAction":[{"@type":"SearchAction","target":{"@type":"EntryPoint","urlTemplate":"https:\/\/blockhaus-ahlhorn.de\/pl\/?s={search_term_string}"},"query-input":{"@type":"PropertyValueSpecification","valueRequired":true,"valueName":"search_term_string"}}],"inLanguage":"pl-PL"},{"@type":"Organization","@id":"https:\/\/blockhaus-ahlhorn.de\/pl\/#organization","name":"Blockhaus Ahlhorn","url":"https:\/\/blockhaus-ahlhorn.de\/pl\/","logo":{"@type":"ImageObject","inLanguage":"pl-PL","@id":"https:\/\/blockhaus-ahlhorn.de\/pl\/#\/schema\/logo\/image\/","url":"https:\/\/blockhaus-ahlhorn.de\/wp-content\/uploads\/2022\/11\/Logo-Blockhaus-Alhorn.png","contentUrl":"https:\/\/blockhaus-ahlhorn.de\/wp-content\/uploads\/2022\/11\/Logo-Blockhaus-Alhorn.png","width":1200,"height":350,"caption":"Blockhaus Ahlhorn"},"image":{"@id":"https:\/\/blockhaus-ahlhorn.de\/pl\/#\/schema\/logo\/image\/"}}]}},"meta_box":[],"_links":{"self":[{"href":"https:\/\/blockhaus-ahlhorn.de\/pl\/wp-json\/wp\/v2\/pages\/7565","targetHints":{"allow":["GET"]}}],"collection":[{"href":"https:\/\/blockhaus-ahlhorn.de\/pl\/wp-json\/wp\/v2\/pages"}],"about":[{"href":"https:\/\/blockhaus-ahlhorn.de\/pl\/wp-json\/wp\/v2\/types\/page"}],"author":[{"embeddable":true,"href":"https:\/\/blockhaus-ahlhorn.de\/pl\/wp-json\/wp\/v2\/users\/1"}],"replies":[{"embeddable":true,"href":"https:\/\/blockhaus-ahlhorn.de\/pl\/wp-json\/wp\/v2\/comments?post=7565"}],"version-history":[{"count":15,"href":"https:\/\/blockhaus-ahlhorn.de\/pl\/wp-json\/wp\/v2\/pages\/7565\/revisions"}],"predecessor-version":[{"id":7985,"href":"https:\/\/blockhaus-ahlhorn.de\/pl\/wp-json\/wp\/v2\/pages\/7565\/revisions\/7985"}],"wp:attachment":[{"href":"https:\/\/blockhaus-ahlhorn.de\/pl\/wp-json\/wp\/v2\/media?parent=7565"}],"curies":[{"name":"wp","href":"https:\/\/api.w.org\/{rel}","templated":true}]}}