{"id":7146,"date":"2025-10-12T13:40:28","date_gmt":"2025-10-12T11:40:28","guid":{"rendered":"https:\/\/blockhaus-ahlhorn.de\/rejestracja-szkol\/"},"modified":"2025-10-12T13:43:10","modified_gmt":"2025-10-12T11:43:10","slug":"rejestracja-szkol","status":"publish","type":"page","link":"https:\/\/blockhaus-ahlhorn.de\/pl\/projekty\/rejestracja-szkol\/","title":{"rendered":"Rejestracja szk\u00f3\u0142"},"content":{"rendered":"<div class='fluentform ff-default fluentform_wrapper_5 ffs_default_wrap'><form data-form_id=\"5\" id=\"fluentform_5\" class=\"frm-fluent-form fluent_form_5 ff-el-form-top ff_form_instance_5_1 ff-form-loading ffs_default\" data-form_instance=\"ff_form_instance_5_1\" method=\"POST\" ><fieldset  style=\"border: none!important;margin: 0!important;padding: 0!important;background-color: transparent!important;box-shadow: none!important;outline: none!important; min-inline-size: 100%;\">\n                    <legend class=\"ff_screen_reader_title\" style=\"display: block; margin: 0!important;padding: 0!important;height: 0!important;text-indent: -999999px;width: 0!important;overflow:hidden;\">Anmeldung Schulen<\/legend><input type='hidden' name='__fluent_form_embded_post_id' value='7146' \/><input type=\"hidden\" id=\"_fluentform_5_fluentformnonce\" name=\"_fluentform_5_fluentformnonce\" value=\"7e45358bfb\" \/><input type=\"hidden\" name=\"_wp_http_referer\" value=\"\/pl\/wp-json\/wp\/v2\/pages\/7146\" \/><div class=\"ff-el-group ff-el-section-break  ff_left\" data-name=\"section_break-5_1\" ><h3 class='ff-el-section-title'>Informacje o szkole<\/h3><div class='ff-section_break_desk'><p>Prosz\u0119 wpisa\u0107 tutaj dane kontaktowe swojej szko\u0142y.<\/p><\/div><hr \/><\/div><div class='ff-el-group'><div class=\"ff-el-input--label ff-el-is-required asterisk-right\"><label for='ff_5_input_text' id='label_ff_5_input_text' aria-label=\"Szko\u0142a\">Szko\u0142a<\/label><\/div><div class='ff-el-input--content'><input type=\"text\" name=\"input_text\" class=\"ff-el-form-control\" placeholder=\"Szko\u0142a modelowa\" data-name=\"input_text\" id=\"ff_5_input_text\"  aria-invalid=\"false\" aria-required=true><\/div><\/div><div class=\"ff-name-address-wrapper fluent-address\" data-type=\"address-element\" data-name=\"address_1\" ><div class='ff-el-input--label'><label aria-label=\"Adres\">Adres<\/label><\/div><div class='ff-el-input--content'><div class='ff-t-container'><div class='ff-t-cell'><div class='ff-el-group'><div class=\"ff-el-input--label ff-el-is-required asterisk-right\"><label for='ff_5_address_1_address_line_1_' id='label_ff_5_address_1_address_line_1_' aria-label=\"Drogi\">Drogi<\/label><\/div><div class='ff-el-input--content'><input type=\"text\" name=\"address_1[address_line_1]\" id=\"ff_5_address_1_address_line_1_\" class=\"ff-el-form-control\" placeholder=\"Model Road\" data-key_name=\"address_line_1\"  aria-invalid=\"false\" aria-required=true><\/div><\/div><\/div><div class='ff-t-cell'><div class='ff-el-group'><div class=\"ff-el-input--label ff-el-is-required asterisk-right\"><label for='ff_5_address_1_address_line_2_' id='label_ff_5_address_1_address_line_2_' aria-label=\"Numer domu\">Numer domu<\/label><\/div><div class='ff-el-input--content'><input type=\"text\" name=\"address_1[address_line_2]\" id=\"ff_5_address_1_address_line_2_\" class=\"ff-el-form-control\" placeholder=\"1a\" data-key_name=\"address_line_2\"  aria-invalid=\"false\" aria-required=true><\/div><\/div><\/div><\/div><div class='ff-t-container'><div class='ff-t-cell'><div class='ff-el-group'><div class=\"ff-el-input--label ff-el-is-required asterisk-right\"><label for='ff_5_address_1_zip_' id='label_ff_5_address_1_zip_' aria-label=\"Kod pocztowy\">Kod pocztowy<\/label><\/div><div class='ff-el-input--content'><input type=\"text\" name=\"address_1[zip]\" id=\"ff_5_address_1_zip_\" class=\"ff-el-form-control\" placeholder=\"12345\" data-key_name=\"zip\"  aria-invalid=\"false\" aria-required=true><\/div><\/div><\/div><div class='ff-t-cell'><div class='ff-el-group'><div class=\"ff-el-input--label ff-el-is-required asterisk-right\"><label for='ff_5_address_1_city_' id='label_ff_5_address_1_city_' aria-label=\"Miasto\">Miasto<\/label><\/div><div class='ff-el-input--content'><input type=\"text\" name=\"address_1[city]\" id=\"ff_5_address_1_city_\" class=\"ff-el-form-control\" placeholder=\"Miasto modelowe\" data-key_name=\"city\"  aria-invalid=\"false\" aria-required=true><\/div><\/div><\/div><\/div><\/div><\/div><div class=\"ff-el-group ff-el-section-break  ff_left\" data-name=\"section_break-5_2\" ><h3 class='ff-el-section-title'>Dane osoby kontaktowej<\/h3><div class='ff-section_break_desk'><p>Aby m\u00f3c \u0142atwo si\u0119 z Tob\u0105 skontaktowa\u0107 w razie pyta\u0144, prosimy o podanie osoby kontaktowej w Twojej szkole.<\/p><\/div><hr \/><\/div><div class='ff-el-group'><div class=\"ff-el-input--label ff-el-is-required asterisk-right\"><label for='ff_5_input_text_1' id='label_ff_5_input_text_1' aria-label=\"Osoba kontaktowa\">Osoba kontaktowa<\/label><\/div><div class='ff-el-input--content'><input type=\"text\" name=\"input_text_1\" class=\"ff-el-form-control\" placeholder=\"John Doe\" data-name=\"input_text_1\" id=\"ff_5_input_text_1\"  aria-invalid=\"false\" aria-required=true><\/div><\/div><div class='ff-el-group'><div class=\"ff-el-input--label ff-el-is-required asterisk-right\"><label for='ff_5_input_text_2' id='label_ff_5_input_text_2' aria-label=\"Funkcja\">Funkcja<\/label><\/div><div class='ff-el-input--content'><input type=\"text\" name=\"input_text_2\" class=\"ff-el-form-control\" placeholder=\"Dyrektor\" data-name=\"input_text_2\" id=\"ff_5_input_text_2\"  aria-invalid=\"false\" aria-required=true><\/div><\/div><div class='ff-el-group'><div class=\"ff-el-input--label ff-el-is-required asterisk-right\"><label for='ff_5_email' id='label_ff_5_email' aria-label=\"E-mail\">E-mail<\/label><\/div><div class='ff-el-input--content'><input type=\"email\" name=\"email\" id=\"ff_5_email\" class=\"ff-el-form-control\" placeholder=\"max.mustermann@musterschule.de\" data-name=\"email\"  aria-invalid=\"false\" aria-required=true><\/div><\/div><div class='ff-el-group'><div class=\"ff-el-input--label ff-el-is-required asterisk-right\"><label for='ff_5_input_text_3' id='label_ff_5_input_text_3' aria-label=\"Telefon\">Telefon<\/label><\/div><div class='ff-el-input--content'><input type=\"text\" name=\"input_text_3\" class=\"ff-el-form-control\" placeholder=\"0123 4567890\" data-name=\"input_text_3\" id=\"ff_5_input_text_3\"  aria-invalid=\"false\" aria-required=true><\/div><\/div><div class=\"ff-el-group ff-el-section-break  ff_left\" data-name=\"section_break-5_3\" ><h3 class='ff-el-section-title'>Zainteresowanie projektami<\/h3><div class='ff-section_break_desk'><p>Wybierz projekty, o kt\u00f3rych chcesz by\u0107 informowany. Mo\u017cesz wybra\u0107 kilka lub okre\u015bli\u0107 w\u0142asne \u017cyczenia. <\/p><\/div><hr \/><\/div><div class='ff-el-group'><div class=\"ff-el-input--label ff-el-is-required asterisk-right\"><label   aria-label=\"Projekty\">Projekty<\/label><\/div><div class='ff-el-input--content'><div class='ff-el-form-check ff-el-form-check-'><label class='ff-el-form-check-label' for='checkbox_17e341775273b6f9c66e42a8556fcb75'><input  type=\"checkbox\" name=\"checkbox[]\" data-name=\"checkbox\" class=\"ff-el-form-check-input ff-el-form-check-checkbox\" value=\"internationale Jugendbegegnungen\"  id='checkbox_17e341775273b6f9c66e42a8556fcb75' aria-label='Mi\u0119dzynarodowe spotkania m\u0142odzie\u017cowe' aria-invalid='false' aria-required=true> <span>Mi\u0119dzynarodowe spotkania m\u0142odzie\u017cowe<\/span><\/label><\/div><div class='ff-el-form-check ff-el-form-check-'><label class='ff-el-form-check-label' for='checkbox_6ab8dbb092fcb2b785135490e80165d2'><input  type=\"checkbox\" name=\"checkbox[]\" data-name=\"checkbox\" class=\"ff-el-form-check-input ff-el-form-check-checkbox\" value=\"lokale Bildungsprojekte\"  id='checkbox_6ab8dbb092fcb2b785135490e80165d2' aria-label='Lokalne projekty edukacyjne' aria-invalid='false' aria-required=true> <span>Lokalne projekty edukacyjne<\/span><\/label><\/div><div class='ff-el-form-check ff-el-form-check-'><label class='ff-el-form-check-label' for='checkbox_ef28072aad63ee968be9f966df9edf18'><input  type=\"checkbox\" name=\"checkbox[]\" data-name=\"checkbox\" class=\"ff-el-form-check-input ff-el-form-check-checkbox\" value=\"Natur- und Umweltprogramme\"  id='checkbox_ef28072aad63ee968be9f966df9edf18' aria-label='Programy przyrodnicze i \u015brodowiskowe' aria-invalid='false' aria-required=true> <span>Programy przyrodnicze i \u015brodowiskowe<\/span><\/label><\/div><div class='ff-el-form-check ff-el-form-check-'><label class='ff-el-form-check-label' for='checkbox_4485156d451232ddf8c8d9d6d6696fd1'><input  type=\"checkbox\" name=\"checkbox[]\" data-name=\"checkbox\" class=\"ff-el-form-check-input ff-el-form-check-checkbox\" value=\"kulturelle Veranstaltungen\"  id='checkbox_4485156d451232ddf8c8d9d6d6696fd1' aria-label='Wydarzenia kulturalne' aria-invalid='false' aria-required=true> <span>Wydarzenia kulturalne<\/span><\/label><\/div><div class='ff-el-form-check ff-el-form-check-'><label class='ff-el-form-check-label' for='checkbox_86a0dc9fbcc126fbfc984e9748da06b3'><input  type=\"checkbox\" name=\"checkbox[]\" data-name=\"checkbox\" class=\"ff-el-form-check-input ff-el-form-check-checkbox\" value=\"andere\"  id='checkbox_86a0dc9fbcc126fbfc984e9748da06b3' aria-label='Inne' aria-invalid='false' aria-required=true> <span>Inne<\/span><\/label><\/div><\/div><\/div><div class='ff-el-group has-conditions'><div class=\"ff-el-input--label ff-el-is-required asterisk-right\"><label for='ff_5_input_text_4' id='label_ff_5_input_text_4' aria-label=\"Jakie inne projekty Ci\u0119 interesuj\u0105?\">Jakie inne projekty Ci\u0119 interesuj\u0105?<\/label><\/div><div class='ff-el-input--content'><input type=\"text\" name=\"input_text_4\" class=\"ff-el-form-control\" data-name=\"input_text_4\" id=\"ff_5_input_text_4\"  aria-invalid=\"false\" aria-required=true><\/div><\/div><div class='ff-el-group'><div class=\"ff-el-input--label ff-el-is-required asterisk-right\"><label for='ff_5_description' id='label_ff_5_description' aria-label=\"W jakim okresie powinny by\u0107 realizowane te projekty?\">W jakim okresie powinny by\u0107 realizowane te projekty?<\/label><\/div><div class='ff-el-input--content'><textarea aria-required=\"true\" aria-labelledby=\"label_ff_5_description\" name=\"description\" id=\"ff_5_description\" class=\"ff-el-form-control\" placeholder=\"np. wiosna 2026, 01.03.2026 \u2013 30.06.2026\" rows=\"3\" cols=\"2\" data-name=\"description\" ><\/textarea><\/div><\/div><div class=\"ff-el-group ff-el-section-break  ff_left\" data-name=\"section_break-5_4\" ><h3 class='ff-el-section-title'>Ochrona danych i zgoda zgodnie z RODO<\/h3><div class='ff-section_break_desk'><p>Podane dane kontaktowe b\u0119d\u0105 wykorzystywane wy\u0142\u0105cznie do przesy\u0142ania informacji o projektach Blockhaus Ahlhorn i nie b\u0119d\u0105 przekazywane osobom trzecim.<\/p><\/div><hr \/><\/div><div class='ff-el-group    ff-el-input--content'><div class='ff-el-form-check ff-el-tc'><label aria-label='Terms and Conditions: Zgadzam si\u0119, \u017ce moje dane mog\u0105 by\u0107 przetwarzane w celu przesy\u0142ania informacji o projekcie.Przeczyta\u0142em polityk\u0119 prywatno\u015bci i zgadzam si\u0119 na przechowywanie moich danych w ramach RODO. Contains 1 link. Use tab navigation to review.' class='ff-el-form-check-label ff_tc_label' for=terms-n-condition_a65d769ae6e22619fe94d09ecc8680f7><span class='ff_tc_checkbox'><input type=\"checkbox\" name=\"terms-n-condition\" class=\"ff-el-form-check-input\" data-name=\"terms-n-condition\" id=\"terms-n-condition_a65d769ae6e22619fe94d09ecc8680f7\"  value='on' aria-invalid='false' aria-required=true><\/span> <div class='ff_t_c'><p>Zgadzam si\u0119, \u017ce moje dane mog\u0105 by\u0107 przetwarzane w celu przesy\u0142ania informacji o projekcie.<br>Przeczyta\u0142em <a href=\"https:\/\/blockhaus-ahlhorn.de\/pl\/ochrona-danych\/\">polityk\u0119 prywatno\u015bci<\/a> i zgadzam si\u0119 na przechowywanie moich danych w ramach RODO.<\/p><\/div><\/label><\/div><\/div><div class='ff-el-group ff-text-left ff_submit_btn_wrapper'><button type=\"submit\" class=\"ff-btn ff-btn-submit ff-btn-md ff_btn_style\"  aria-label=\"Nieobecno\u015b\u0107\">Nieobecno\u015b\u0107<\/button><\/div><\/fieldset><\/form><div id='fluentform_5_errors' class='ff-errors-in-stack ff_form_instance_5_1 ff-form-loading_errors ff_form_instance_5_1_errors'><\/div><\/div>            <script type=\"text\/javascript\">\n                window.fluent_form_ff_form_instance_5_1 = {\"id\":\"5\",\"settings\":{\"layout\":{\"labelPlacement\":\"top\",\"asteriskPlacement\":\"asterisk-right\",\"helpMessagePlacement\":\"with_label\",\"errorMessagePlacement\":\"inline\",\"cssClassName\":\"\"},\"restrictions\":{\"denyEmptySubmission\":{\"enabled\":false}}},\"form_instance\":\"ff_form_instance_5_1\",\"form_id_selector\":\"fluentform_5\",\"rules\":{\"input_text\":{\"required\":{\"value\":true,\"message\":\"Dieses Feld ist erforderlich\",\"global_message\":\"Dieses Feld ist erforderlich\",\"global\":true}},\"address_1[address_line_1]\":{\"required\":{\"value\":true,\"message\":\"Dieses Feld ist erforderlich\",\"global_message\":\"Dieses Feld ist erforderlich\",\"global\":true}},\"address_1[address_line_2]\":{\"required\":{\"value\":true,\"message\":\"Dieses Feld ist erforderlich\",\"global_message\":\"Dieses Feld ist erforderlich\",\"global\":true}},\"address_1[city]\":{\"required\":{\"value\":true,\"message\":\"Dieses Feld ist erforderlich\",\"global_message\":\"Dieses Feld ist erforderlich\",\"global\":true}},\"address_1[state]\":{\"required\":{\"value\":false,\"message\":\"Dieses Feld ist erforderlich\",\"global_message\":\"Dieses Feld ist erforderlich\",\"global\":true}},\"address_1[zip]\":{\"required\":{\"value\":true,\"message\":\"Dieses Feld ist erforderlich\",\"global_message\":\"Dieses Feld ist erforderlich\",\"global\":true}},\"address_1[country]\":{\"required\":{\"value\":false,\"message\":\"Dieses Feld ist erforderlich\",\"global_message\":\"Dieses Feld ist erforderlich\",\"global\":true}},\"input_text_1\":{\"required\":{\"value\":true,\"message\":\"Dieses Feld ist erforderlich\",\"global_message\":\"Dieses Feld ist erforderlich\",\"global\":true}},\"input_text_2\":{\"required\":{\"value\":true,\"message\":\"Dieses Feld ist erforderlich\",\"global_message\":\"Dieses Feld ist erforderlich\",\"global\":true}},\"email\":{\"required\":{\"value\":true,\"message\":\"Dieses Feld ist erforderlich\",\"global_message\":\"Dieses Feld ist erforderlich\",\"global\":true},\"email\":{\"value\":true,\"message\":\"Dieses Feld muss eine g\\u00fcltige E-Mail-Adresse enthalten\",\"global_message\":\"Dieses Feld muss eine g\\u00fcltige E-Mail-Adresse enthalten\",\"global\":true}},\"input_text_3\":{\"required\":{\"value\":true,\"message\":\"Dieses Feld ist erforderlich\",\"global_message\":\"Dieses Feld ist erforderlich\",\"global\":true}},\"checkbox\":{\"required\":{\"value\":true,\"message\":\"Dieses Feld ist erforderlich\",\"global_message\":\"Dieses Feld ist erforderlich\",\"global\":true}},\"input_text_4\":{\"required\":{\"value\":true,\"message\":\"Dieses Feld ist erforderlich\",\"global_message\":\"Dieses Feld ist erforderlich\",\"global\":true}},\"description\":{\"required\":{\"value\":true,\"message\":\"Dieses Feld ist erforderlich\",\"global_message\":\"Dieses Feld ist erforderlich\",\"global\":true}},\"terms-n-condition\":{\"required\":{\"value\":true,\"message\":\"Dieses Feld ist erforderlich\",\"global_message\":\"Dieses Feld ist erforderlich\",\"global\":true}}},\"debounce_time\":300,\"conditionals\":{\"input_text_4\":{\"type\":\"any\",\"status\":true,\"conditions\":[{\"field\":\"checkbox\",\"value\":\"andere\",\"operator\":\"=\"}],\"condition_groups\":[{\"rules\":[{\"field\":\"\",\"value\":\"\",\"operator\":\"\"}],\"title\":\"\",\"isEditingTitle\":false,\"isPreviewOpen\":false,\"isGroupOpen\":true}]}}};\n                            <\/script>\n            \n","protected":false},"excerpt":{"rendered":"","protected":false},"author":1,"featured_media":0,"parent":4241,"menu_order":0,"comment_status":"closed","ping_status":"closed","template":"","meta":{"ngg_post_thumbnail":0,"footnotes":""},"class_list":["post-7146","page","type-page","status-publish","hentry"],"blocksy_meta":[],"yoast_head":"<!-- This site is optimized with the Yoast SEO plugin v27.3 - https:\/\/yoast.com\/product\/yoast-seo-wordpress\/ -->\n<title>Rejestracja szk\u00f3\u0142 - Blockhaus Ahlhorn<\/title>\n<meta name=\"robots\" content=\"noindex, follow\" \/>\n<meta property=\"og:locale\" content=\"pl_PL\" \/>\n<meta property=\"og:type\" content=\"article\" \/>\n<meta property=\"og:title\" content=\"Rejestracja szk\u00f3\u0142 - Blockhaus Ahlhorn\" \/>\n<meta property=\"og:url\" content=\"https:\/\/blockhaus-ahlhorn.de\/pl\/projekty\/rejestracja-szkol\/\" \/>\n<meta property=\"og:site_name\" content=\"Blockhaus Ahlhorn\" \/>\n<meta property=\"article:modified_time\" content=\"2025-10-12T11:43:10+00:00\" \/>\n<meta name=\"twitter:card\" content=\"summary_large_image\" \/>\n<script type=\"application\/ld+json\" class=\"yoast-schema-graph\">{\"@context\":\"https:\\\/\\\/schema.org\",\"@graph\":[{\"@type\":\"WebPage\",\"@id\":\"https:\\\/\\\/blockhaus-ahlhorn.de\\\/pl\\\/projekty\\\/rejestracja-szkol\\\/\",\"url\":\"https:\\\/\\\/blockhaus-ahlhorn.de\\\/pl\\\/projekty\\\/rejestracja-szkol\\\/\",\"name\":\"Rejestracja szk\u00f3\u0142 - Blockhaus Ahlhorn\",\"isPartOf\":{\"@id\":\"https:\\\/\\\/blockhaus-ahlhorn.de\\\/pl\\\/#website\"},\"datePublished\":\"2025-10-12T11:40:28+00:00\",\"dateModified\":\"2025-10-12T11:43:10+00:00\",\"breadcrumb\":{\"@id\":\"https:\\\/\\\/blockhaus-ahlhorn.de\\\/pl\\\/projekty\\\/rejestracja-szkol\\\/#breadcrumb\"},\"inLanguage\":\"pl-PL\",\"potentialAction\":[{\"@type\":\"ReadAction\",\"target\":[\"https:\\\/\\\/blockhaus-ahlhorn.de\\\/pl\\\/projekty\\\/rejestracja-szkol\\\/\"]}]},{\"@type\":\"BreadcrumbList\",\"@id\":\"https:\\\/\\\/blockhaus-ahlhorn.de\\\/pl\\\/projekty\\\/rejestracja-szkol\\\/#breadcrumb\",\"itemListElement\":[{\"@type\":\"ListItem\",\"position\":1,\"name\":\"Startseite\",\"item\":\"https:\\\/\\\/blockhaus-ahlhorn.de\\\/pl\\\/\"},{\"@type\":\"ListItem\",\"position\":2,\"name\":\"Projekty\",\"item\":\"https:\\\/\\\/blockhaus-ahlhorn.de\\\/pl\\\/projekty\\\/\"},{\"@type\":\"ListItem\",\"position\":3,\"name\":\"Rejestracja szk\u00f3\u0142\"}]},{\"@type\":\"WebSite\",\"@id\":\"https:\\\/\\\/blockhaus-ahlhorn.de\\\/pl\\\/#website\",\"url\":\"https:\\\/\\\/blockhaus-ahlhorn.de\\\/pl\\\/\",\"name\":\"Blockhaus Ahlhorn\",\"description\":\"Heimatverbunden in Ahlhorn, Niedersachsen\",\"publisher\":{\"@id\":\"https:\\\/\\\/blockhaus-ahlhorn.de\\\/pl\\\/#organization\"},\"potentialAction\":[{\"@type\":\"SearchAction\",\"target\":{\"@type\":\"EntryPoint\",\"urlTemplate\":\"https:\\\/\\\/blockhaus-ahlhorn.de\\\/pl\\\/?s={search_term_string}\"},\"query-input\":{\"@type\":\"PropertyValueSpecification\",\"valueRequired\":true,\"valueName\":\"search_term_string\"}}],\"inLanguage\":\"pl-PL\"},{\"@type\":\"Organization\",\"@id\":\"https:\\\/\\\/blockhaus-ahlhorn.de\\\/pl\\\/#organization\",\"name\":\"Blockhaus Ahlhorn\",\"url\":\"https:\\\/\\\/blockhaus-ahlhorn.de\\\/pl\\\/\",\"logo\":{\"@type\":\"ImageObject\",\"inLanguage\":\"pl-PL\",\"@id\":\"https:\\\/\\\/blockhaus-ahlhorn.de\\\/pl\\\/#\\\/schema\\\/logo\\\/image\\\/\",\"url\":\"https:\\\/\\\/blockhaus-ahlhorn.de\\\/wp-content\\\/uploads\\\/2022\\\/11\\\/Logo-Blockhaus-Alhorn.png\",\"contentUrl\":\"https:\\\/\\\/blockhaus-ahlhorn.de\\\/wp-content\\\/uploads\\\/2022\\\/11\\\/Logo-Blockhaus-Alhorn.png\",\"width\":1200,\"height\":350,\"caption\":\"Blockhaus Ahlhorn\"},\"image\":{\"@id\":\"https:\\\/\\\/blockhaus-ahlhorn.de\\\/pl\\\/#\\\/schema\\\/logo\\\/image\\\/\"}}]}<\/script>\n<!-- \/ Yoast SEO plugin. -->","yoast_head_json":{"title":"Rejestracja szk\u00f3\u0142 - Blockhaus Ahlhorn","robots":{"index":"noindex","follow":"follow"},"og_locale":"pl_PL","og_type":"article","og_title":"Rejestracja szk\u00f3\u0142 - Blockhaus Ahlhorn","og_url":"https:\/\/blockhaus-ahlhorn.de\/pl\/projekty\/rejestracja-szkol\/","og_site_name":"Blockhaus Ahlhorn","article_modified_time":"2025-10-12T11:43:10+00:00","twitter_card":"summary_large_image","schema":{"@context":"https:\/\/schema.org","@graph":[{"@type":"WebPage","@id":"https:\/\/blockhaus-ahlhorn.de\/pl\/projekty\/rejestracja-szkol\/","url":"https:\/\/blockhaus-ahlhorn.de\/pl\/projekty\/rejestracja-szkol\/","name":"Rejestracja szk\u00f3\u0142 - Blockhaus Ahlhorn","isPartOf":{"@id":"https:\/\/blockhaus-ahlhorn.de\/pl\/#website"},"datePublished":"2025-10-12T11:40:28+00:00","dateModified":"2025-10-12T11:43:10+00:00","breadcrumb":{"@id":"https:\/\/blockhaus-ahlhorn.de\/pl\/projekty\/rejestracja-szkol\/#breadcrumb"},"inLanguage":"pl-PL","potentialAction":[{"@type":"ReadAction","target":["https:\/\/blockhaus-ahlhorn.de\/pl\/projekty\/rejestracja-szkol\/"]}]},{"@type":"BreadcrumbList","@id":"https:\/\/blockhaus-ahlhorn.de\/pl\/projekty\/rejestracja-szkol\/#breadcrumb","itemListElement":[{"@type":"ListItem","position":1,"name":"Startseite","item":"https:\/\/blockhaus-ahlhorn.de\/pl\/"},{"@type":"ListItem","position":2,"name":"Projekty","item":"https:\/\/blockhaus-ahlhorn.de\/pl\/projekty\/"},{"@type":"ListItem","position":3,"name":"Rejestracja szk\u00f3\u0142"}]},{"@type":"WebSite","@id":"https:\/\/blockhaus-ahlhorn.de\/pl\/#website","url":"https:\/\/blockhaus-ahlhorn.de\/pl\/","name":"Blockhaus Ahlhorn","description":"Heimatverbunden in Ahlhorn, Niedersachsen","publisher":{"@id":"https:\/\/blockhaus-ahlhorn.de\/pl\/#organization"},"potentialAction":[{"@type":"SearchAction","target":{"@type":"EntryPoint","urlTemplate":"https:\/\/blockhaus-ahlhorn.de\/pl\/?s={search_term_string}"},"query-input":{"@type":"PropertyValueSpecification","valueRequired":true,"valueName":"search_term_string"}}],"inLanguage":"pl-PL"},{"@type":"Organization","@id":"https:\/\/blockhaus-ahlhorn.de\/pl\/#organization","name":"Blockhaus Ahlhorn","url":"https:\/\/blockhaus-ahlhorn.de\/pl\/","logo":{"@type":"ImageObject","inLanguage":"pl-PL","@id":"https:\/\/blockhaus-ahlhorn.de\/pl\/#\/schema\/logo\/image\/","url":"https:\/\/blockhaus-ahlhorn.de\/wp-content\/uploads\/2022\/11\/Logo-Blockhaus-Alhorn.png","contentUrl":"https:\/\/blockhaus-ahlhorn.de\/wp-content\/uploads\/2022\/11\/Logo-Blockhaus-Alhorn.png","width":1200,"height":350,"caption":"Blockhaus Ahlhorn"},"image":{"@id":"https:\/\/blockhaus-ahlhorn.de\/pl\/#\/schema\/logo\/image\/"}}]}},"meta_box":[],"_links":{"self":[{"href":"https:\/\/blockhaus-ahlhorn.de\/pl\/wp-json\/wp\/v2\/pages\/7146","targetHints":{"allow":["GET"]}}],"collection":[{"href":"https:\/\/blockhaus-ahlhorn.de\/pl\/wp-json\/wp\/v2\/pages"}],"about":[{"href":"https:\/\/blockhaus-ahlhorn.de\/pl\/wp-json\/wp\/v2\/types\/page"}],"author":[{"embeddable":true,"href":"https:\/\/blockhaus-ahlhorn.de\/pl\/wp-json\/wp\/v2\/users\/1"}],"replies":[{"embeddable":true,"href":"https:\/\/blockhaus-ahlhorn.de\/pl\/wp-json\/wp\/v2\/comments?post=7146"}],"version-history":[{"count":2,"href":"https:\/\/blockhaus-ahlhorn.de\/pl\/wp-json\/wp\/v2\/pages\/7146\/revisions"}],"predecessor-version":[{"id":7165,"href":"https:\/\/blockhaus-ahlhorn.de\/pl\/wp-json\/wp\/v2\/pages\/7146\/revisions\/7165"}],"up":[{"embeddable":true,"href":"https:\/\/blockhaus-ahlhorn.de\/pl\/wp-json\/wp\/v2\/pages\/4241"}],"wp:attachment":[{"href":"https:\/\/blockhaus-ahlhorn.de\/pl\/wp-json\/wp\/v2\/media?parent=7146"}],"curies":[{"name":"wp","href":"https:\/\/api.w.org\/{rel}","templated":true}]}}