{"id":4508,"date":"2022-11-26T19:40:53","date_gmt":"2022-11-26T18:40:53","guid":{"rendered":"https:\/\/blockhaus-ahlhorn.de\/nadruk\/"},"modified":"2023-06-18T23:37:29","modified_gmt":"2023-06-18T21:37:29","slug":"nadruk","status":"publish","type":"page","link":"https:\/\/blockhaus-ahlhorn.de\/pl\/nadruk\/","title":{"rendered":"Nadruk"},"content":{"rendered":"\n<div style=\"height:116px\" aria-hidden=\"true\" class=\"wp-block-spacer\"><\/div>\n\n<div class=\"wp-block-stackable-columns alignfull stk-block-columns stk-block stk-40c4c44 stk-block-background stk--has-background-overlay\" data-block-id=\"40c4c44\"><style>.stk-40c4c44{background-color:var(--theme-palette-color-4,#192a3d) !important;background-image:url(https:\/\/blockhaus-ahlhorn.de\/wp-content\/uploads\/2023\/01\/Header-Startseite.png) !important;min-height:700px !important;align-items:center !important;margin-bottom:0px !important;display:flex !important}.stk-40c4c44:before{opacity:0.5 !important;background-image:linear-gradient(90deg,var(--theme-palette-color-4,#192a3d) 0%,rgba(25,42,61,0) 100%) !important}<\/style><div class=\"stk-row stk-inner-blocks stk-block-content stk-content-align stk-40c4c44-column alignwide\">\n<div class=\"wp-block-stackable-column stk-block-column stk-column stk-block stk-577c905\" data-v=\"4\" data-block-id=\"577c905\"><div class=\"stk-column-wrapper stk-block-column__content stk-container stk-577c905-container stk--no-background stk--no-padding\"><div class=\"stk-block-content stk-inner-blocks stk-577c905-inner-blocks\">\n<div class=\"wp-block-stackable-columns stk-block-columns stk-block stk-a58c989\" data-block-id=\"a58c989\"><style>.stk-a58c989{padding-left:3em !important}@media screen and (max-width:999px){.stk-a58c989{padding-left:0px !important}}@media screen and (max-width:689px){.stk-a58c989{padding-left:0px !important}}<\/style><div class=\"stk-row stk-inner-blocks stk-block-content stk-content-align stk-a58c989-column\">\n<div class=\"wp-block-stackable-column stk-block-column stk-column stk-block stk-f13b9bb\" data-v=\"4\" data-block-id=\"f13b9bb\"><style>@media screen and (min-width:690px){.stk-f13b9bb{flex:1 1 calc(40% - var(--stk-column-gap,0px) * 1 \/ 2 ) !important}}<\/style><div class=\"stk-column-wrapper stk-block-column__content stk-container stk-f13b9bb-container stk--no-background stk--no-padding\"><div class=\"stk-block-content stk-inner-blocks stk-f13b9bb-inner-blocks\">\n<div class=\"wp-block-stackable-heading stk-block-heading stk-block-heading--v2 stk-block stk-3e6d85a\" id=\"impressum\" data-block-id=\"3e6d85a\"><style>.stk-3e6d85a .stk-block-heading__text{color:var(--theme-palette-color-8,#ffffff) !important}<\/style><h2 class=\"stk-block-heading__text has-text-color stk-block-heading--use-theme-margins\">Nadruk<\/h2><\/div>\n\n\n\n<p class=\"has-text-align-left has-palette-color-8-color has-text-color\"><\/p>\n\n\n\n<div style=\"height:1px\" aria-hidden=\"true\" class=\"wp-block-spacer\"><\/div>\n<\/div><\/div><\/div>\n\n\n\n<div class=\"wp-block-stackable-column stk-block-column stk-column stk-block stk-db87e09\" data-v=\"4\" data-block-id=\"db87e09\"><style>@media screen and (min-width:690px){.stk-db87e09{flex:1 1 calc(60% - var(--stk-column-gap,0px) * 1 \/ 2 ) !important}}<\/style><div class=\"stk-column-wrapper stk-block-column__content stk-container stk-db87e09-container stk--no-background stk--no-padding\"><div class=\"stk-block-content stk-inner-blocks stk-db87e09-inner-blocks\"><\/div><\/div><\/div>\n<\/div><\/div>\n<\/div><\/div><\/div>\n<\/div><\/div>\n\n<div style=\"height:100px\" aria-hidden=\"true\" class=\"wp-block-spacer\"><\/div>\n\n<h4 class=\"wp-block-heading\"><strong>Wydawca i osoba odpowiedzialna<\/strong><\/h4>\n\n<p>Blockhaus Ahlhorn gemeinn\u00fctzige GmbH<br\/>reprezentowana przez dyrektora zarz\u0105dzaj\u0105cego Nielsa-Christana Heinsa<br\/><br\/><strong>Siedziba sp\u00f3\u0142ki:<\/strong><br\/>Stawy rybne Ahlhorn<\/p>\n\n<p>26197 Gro\u00dfenkneten<br\/><br\/>Tel: 04435\/939-0<\/p>\n\n<p>Faks: 04435\/939-111<br\/><br\/>E-mail: <a href=\"mailto:info@blockhaus-ahlhorn.de\">info@blockhaus-ahlhorn.de<\/a><\/p>\n\n<p>Internet: www.blockhaus-ahlhorn.de<br\/><br\/><br\/><strong>Dane firmy:<\/strong><br\/><strong>W\u0142a\u015bciwy organ nadzorczy:<\/strong><br\/>Pa\u0144stwowy Urz\u0105d Nadzoru Handlu Oldenburg<br\/><strong>Adres pocztowy:<\/strong>    <\/p>\n\n<p>Theodor-Tantzen-Platz 8<br\/>26122 Oldenburg<br\/>Skrytka pocztowa: 5455  <\/p>\n\n<p>26044 Oldenburg<br\/><strong>S\u0105d Rejestrowy:<\/strong><br\/>S\u0105d lokalny w Oldenburgu<\/p>\n\n<p><br\/><strong>Numer rejestracyjny:<\/strong><br\/>Rejestr handlowy B 218212<br\/>Numer identyfikacji podatkowej sprzeda\u017cy<br\/>68-201-08390<br\/><br\/><strong>Editorial:<\/strong><br\/>Nicole Langfermann<\/p>\n\n<p>E-mail: <a href=\"mailto:info@blockhaus-ahlhorn.de\">info@blockhaus-ahlhorn.de<\/a><br\/><strong>Zdj\u0119cia:<\/strong><br\/>Prawa do wizerunku nale\u017c\u0105 do ko\u015bcio\u0142a Ev.-Luth. w Oldenburgu<\/p>\n\n<h4 class=\"wp-block-heading\"><strong>Powiadomienie o odpowiedzialno\u015bci<\/strong><\/h4>\n\n<p>Osoba odpowiedzialna nie ponosi odpowiedzialno\u015bci za aktualno\u015b\u0107, poprawno\u015b\u0107, kompletno\u015b\u0107 lub jako\u015b\u0107 dostarczonych informacji. Roszczenia z tytu\u0142u odpowiedzialno\u015bci wobec podmiotu odpowiedzialnego za szkody materialne lub niematerialne spowodowane wykorzystaniem lub niewykorzystaniem dostarczonych informacji lub wykorzystaniem nieprawid\u0142owych lub niekompletnych informacji s\u0105 co do zasady wykluczone, chyba \u017ce istniej\u0105 dowody umy\u015blnego dzia\u0142ania lub ra\u017c\u0105cego niedbalstwa ze strony podmiotu odpowiedzialnego.<\/p>\n\n<p>Odno\u015bniki i linki: W przypadku bezpo\u015brednich lub po\u015brednich odniesie\u0144 do zewn\u0119trznych stron internetowych (&#8222;link\u00f3w&#8221;), kt\u00f3re le\u017c\u0105 poza obszarem odpowiedzialno\u015bci osoby odpowiedzialnej, obowi\u0105zek odpowiedzialno\u015bci wchodzi\u0142by w \u017cycie tylko wtedy, gdy osoba odpowiedzialna mia\u0142aby wiedz\u0119 o tre\u015bci i by\u0142oby technicznie mo\u017cliwe i uzasadnione, aby uniemo\u017cliwi\u0107 korzystanie z nich w przypadku tre\u015bci niezgodnych z prawem. Osoba odpowiedzialna niniejszym wyra\u017anie o\u015bwiadcza, \u017ce w momencie tworzenia link\u00f3w na stronach, do kt\u00f3rych one odsy\u0142aj\u0105, nie znajdowa\u0142y si\u0119 \u017cadne nielegalne tre\u015bci. Podmiot odpowiedzialny nie ma wp\u0142ywu na aktualny i przysz\u0142y wygl\u0105d, tre\u015b\u0107 lub autorstwo stron, do kt\u00f3rych prowadz\u0105 odno\u015bniki. W zwi\u0105zku z tym niniejszym wyra\u017anie dystansuje si\u0119 od wszystkich tre\u015bci wszystkich stron, do kt\u00f3rych prowadz\u0105 linki, kt\u00f3re zosta\u0142y zmienione po utworzeniu linku. Niniejsze o\u015bwiadczenie dotyczy wszystkich link\u00f3w i odno\u015bnik\u00f3w umieszczonych w ramach w\u0142asnej oferty internetowej, jak r\u00f3wnie\u017c zewn\u0119trznych wpis\u00f3w w ksi\u0119gach go\u015bci, forach dyskusyjnych i listach mailingowych utworzonych przez osob\u0119 odpowiedzialn\u0105. Za nielegalne, nieprawid\u0142owe lub niekompletne tre\u015bci, a w szczeg\u00f3lno\u015bci za szkody wynikaj\u0105ce z wykorzystania lub niewykorzystania takich informacji, odpowiedzialno\u015b\u0107 ponosi wy\u0142\u0105cznie dostawca strony, do kt\u00f3rej prowadzi link, a nie ten, kto jedynie odsy\u0142a do danej publikacji za po\u015brednictwem link\u00f3w.<\/p>\n\n<p>Prawo autorskie i prawo znak\u00f3w towarowych: Osoba odpowiedzialna stara si\u0119 przestrzega\u0107 praw autorskich do grafik, dokument\u00f3w d\u017awi\u0119kowych, sekwencji wideo i tekst\u00f3w wykorzystywanych we wszystkich publikacjach, wykorzystywa\u0107 grafiki, dokumenty d\u017awi\u0119kowe, sekwencje wideo i teksty stworzone przez siebie lub korzysta\u0107 z grafik, dokument\u00f3w d\u017awi\u0119kowych, sekwencji wideo i tekst\u00f3w bez licencji. Wszystkie nazwy marek i znaki towarowe wymienione na stronie internetowej i ewentualnie chronione przez osoby trzecie podlegaj\u0105 bez ogranicze\u0144 przepisom obowi\u0105zuj\u0105cego prawa o znakach towarowych i prawom w\u0142asno\u015bci odpowiednich zarejestrowanych w\u0142a\u015bcicieli. Samo wymienienie znaku towarowego nie oznacza, \u017ce nie jest on chroniony prawami os\u00f3b trzecich! Prawa autorskie do opublikowanych obiekt\u00f3w stworzonych przez sam\u0105 osob\u0119 odpowiedzialn\u0105 pozostaj\u0105 wy\u0142\u0105cznie w gestii osoby odpowiedzialnej za strony. Powielanie lub wykorzystywanie obiekt\u00f3w takich jak wykresy, d\u017awi\u0119ki lub teksty w innych publikacjach elektronicznych lub drukowanych jest niedozwolone bez zgody autora.<\/p>\n\n<p>Wa\u017cno\u015b\u0107 prawna niniejszego wy\u0142\u0105czenia odpowiedzialno\u015bci: Niniejsze wy\u0142\u0105czenie odpowiedzialno\u015bci nale\u017cy traktowa\u0107 jako cz\u0119\u015b\u0107 publikacji internetowej, z kt\u00f3rej u\u017cytkownik zosta\u0142 przekierowany. Je\u015bli sekcje lub poszczeg\u00f3lne warunki niniejszego o\u015bwiadczenia nie s\u0105 zgodne z prawem lub prawid\u0142owe, fakt ten nie ma wp\u0142ywu na tre\u015b\u0107 lub wa\u017cno\u015b\u0107 pozosta\u0142ych cz\u0119\u015bci.<\/p>\n\n<div style=\"height:100px\" aria-hidden=\"true\" class=\"wp-block-spacer\"><\/div>\n","protected":false},"excerpt":{"rendered":"<p>Nadruk Wydawca i osoba odpowiedzialna Blockhaus Ahlhorn gemeinn\u00fctzige GmbHreprezentowana przez dyrektora zarz\u0105dzaj\u0105cego Nielsa-Christana Heinsa Siedziba sp\u00f3\u0142ki:Stawy rybne Ahlhorn 26197 Gro\u00dfenkneten Tel: 04435\/939-0 Faks: 04435\/939-111 E-mail: info@blockhaus-ahlhorn.de Internet: www.blockhaus-ahlhorn.de Dane firmy:W\u0142a\u015bciwy organ nadzorczy:Pa\u0144stwowy Urz\u0105d Nadzoru Handlu OldenburgAdres pocztowy: Theodor-Tantzen-Platz 826122 OldenburgSkrytka pocztowa: 5455 26044 OldenburgS\u0105d Rejestrowy:S\u0105d lokalny w Oldenburgu Numer rejestracyjny:Rejestr handlowy B 218212Numer identyfikacji podatkowej [&hellip;]<\/p>\n","protected":false},"author":1,"featured_media":0,"parent":0,"menu_order":0,"comment_status":"closed","ping_status":"closed","template":"","meta":{"ngg_post_thumbnail":0,"footnotes":""},"class_list":["post-4508","page","type-page","status-publish","hentry"],"blocksy_meta":{"page_title_panel":"","has_hero_section":"disabled","f3f8f49fb10cdf60f245ab9c8d61436e":"","hero_section":"type-1","hero_elements":[{"id":"custom_title","enabled":true,"heading_tag":"h1","title":"Home"},{"id":"custom_description","enabled":true,"description_visibility":{"desktop":true,"tablet":true,"mobile":false}},{"id":"custom_meta","enabled":false,"meta_elements":[{"id":"author","enabled":true,"label":"By","has_author_avatar":"yes","avatar_size":25},{"id":"post_date","enabled":true,"label":"On","date_format_source":"default","date_format":"M j, Y"},{"id":"updated_date","enabled":false,"label":"On","date_format_source":"default","date_format":"M j, Y"},{"id":"categories","enabled":false,"label":"In","style":"simple"},{"id":"comments","enabled":true}],"page_meta_elements":{"joined":true,"articles_count":true,"comments":true}},{"id":"breadcrumbs","enabled":false}],"442407010c59f3ff91e57db40c13aa51":"","hero_alignment1":"CT_CSS_SKIP_RULE","hero_margin":40,"hero_alignment2":"center","hero_vertical_alignment":"center","81921b98d6b487651b2df5d7a9d37022":"","hero_structure":"narrow","913c0035614d47b332bdecd7430ace76":"","page_title_bg_type":"featured_image","custom_hero_background":{"attachment_id":null},"parallax":{"desktop":false,"tablet":false,"mobile":false},"70967a6a7da28d6c770c344eb8409341":"","hero_height":"250px","pageTitleFont":{"family":"Default","variation":"Default","size":"30px","line-height":"CT_CSS_SKIP_RULE","letter-spacing":"CT_CSS_SKIP_RULE","text-transform":"CT_CSS_SKIP_RULE","text-decoration":"CT_CSS_SKIP_RULE"},"pageTitleFontColor":{"default":{"color":"CT_CSS_SKIP_RULEDEFAULT"}},"pageMetaFont":{"family":"Default","variation":"n6","size":"12px","line-height":"1.3","letter-spacing":"CT_CSS_SKIP_RULE","text-transform":"uppercase","text-decoration":"CT_CSS_SKIP_RULE"},"pageMetaFontColor":{"default":{"color":"CT_CSS_SKIP_RULEDEFAULT"},"hover":{"color":"CT_CSS_SKIP_RULEDEFAULT"}},"page_meta_button_type_font_colors":{"default":{"color":"CT_CSS_SKIP_RULEDEFAULT"},"hover":{"color":"CT_CSS_SKIP_RULEDEFAULT"}},"page_meta_button_type_background_colors":{"default":{"color":"CT_CSS_SKIP_RULEDEFAULT"},"hover":{"color":"CT_CSS_SKIP_RULEDEFAULT"}},"pageExcerptFont":{"family":"Default","variation":"Default","size":"CT_CSS_SKIP_RULE","line-height":"CT_CSS_SKIP_RULE","letter-spacing":"CT_CSS_SKIP_RULE","text-transform":"CT_CSS_SKIP_RULE","text-decoration":"CT_CSS_SKIP_RULE"},"pageExcerptColor":{"default":{"color":"CT_CSS_SKIP_RULEDEFAULT"}},"breadcrumbsFont":{"family":"Default","variation":"Default","size":"CT_CSS_SKIP_RULE","line-height":"CT_CSS_SKIP_RULE","letter-spacing":"CT_CSS_SKIP_RULE","text-transform":"CT_CSS_SKIP_RULE","text-decoration":"CT_CSS_SKIP_RULE"},"breadcrumbsFontColor":{"default":{"color":"CT_CSS_SKIP_RULEDEFAULT"},"initial":{"color":"CT_CSS_SKIP_RULEDEFAULT"},"hover":{"color":"CT_CSS_SKIP_RULEDEFAULT"}},"pageTitleOverlay":{"background_type":"color","background_pattern":"type-1","background_image":{"attachment_id":null,"x":0,"y":0},"gradient":"linear-gradient(135deg,rgba(6,147,227,1) 0%,rgb(155,81,224) 100%)","background_repeat":"repeat","background_size":"auto","background_attachment":"scroll","patternColor":{"default":{"color":"#e5e7ea"}},"overlayColor":{"default":{"color":"CT_CSS_SKIP_RULE"}},"backgroundColor":{"default":{"color":"CT_CSS_SKIP_RULE"}}},"pageTitleBackground":{"background_type":"color","background_pattern":"type-1","background_image":{"attachment_id":null,"x":0,"y":0},"gradient":"linear-gradient(135deg,rgba(6,147,227,1) 0%,rgb(155,81,224) 100%)","background_repeat":"repeat","background_size":"auto","background_attachment":"scroll","patternColor":{"default":{"color":"#e5e7ea"}},"overlayColor":{"default":{"color":"CT_CSS_SKIP_RULE"}},"backgroundColor":{"default":{"color":"var(--theme-palette-color-6)"}}},"pageTitlePadding":{"top":"50px","bottom":"50px","left":"auto","right":"auto","linked":true},"2e05a9c38d0c36bceda7b14b88d788de":"","page_structure_type":"default","a94223346daed16993233c45c5846fc9":"","content_style_source":"inherit","content_style":"wide","vertical_spacing_source":"custom","content_area_spacing":"none","background":{"background_type":"color","background_pattern":"type-1","background_image":{"attachment_id":null,"x":0,"y":0},"gradient":"linear-gradient(135deg,rgba(6,147,227,1) 0%,rgb(155,81,224) 100%)","background_repeat":"repeat","background_size":"auto","background_attachment":"scroll","patternColor":{"default":{"color":"#e5e7ea"}},"overlayColor":{"default":{"color":"CT_CSS_SKIP_RULE"}},"backgroundColor":{"default":{"color":"CT_CSS_SKIP_RULE"}}},"content_background":{"background_type":"color","background_pattern":"type-1","background_image":{"attachment_id":null,"x":0,"y":0},"gradient":"linear-gradient(135deg,rgba(6,147,227,1) 0%,rgb(155,81,224) 100%)","background_repeat":"repeat","background_size":"auto","background_attachment":"scroll","patternColor":{"default":{"color":"#e5e7ea"}},"overlayColor":{"default":{"color":"CT_CSS_SKIP_RULE"}},"backgroundColor":{"default":{"color":"var(--theme-palette-color-8)"}}},"content_boxed_shadow":{"inherit":false,"blur":18,"spread":-6,"v_offset":12,"h_offset":0,"inset":false,"enable":true,"color":{"color":"rgba(34, 56, 101, 0.04)"}},"boxed_content_spacing":{"desktop":{"top":"40px","bottom":"40px","left":"40px","right":"40px","linked":true},"tablet":{"top":"35px","bottom":"35px","left":"35px","right":"35px","linked":true},"mobile":{"top":"20px","bottom":"20px","left":"20px","right":"20px","linked":true}},"content_boxed_radius":{"top":"3px","bottom":"3px","left":"3px","right":"3px","linked":true},"3ada77dc07bfaa247452c0ce87b83283":"","disable_featured_image":"no","disable_share_box":"no","disable_header":"no","disable_footer":"no","styles_descriptor":{"styles":{"desktop":"","tablet":"","mobile":""},"google_fonts":[],"version":6},"c1520e0c171ff62a862cccd198b5db4e":"","fb478f72fd2442d74f9a24d0b83fc3f9":"","bd2a79c1e55e8ea1648cd7bfe31100b9":"","8b1b758c92ec3143f21c03d8591a8d87":"","60c3e69010b70c71047c30e24b496391":"","3f323aba5c21edcbae60598e44ec2755":"","79aff2cc484aad5b0d0e54c70ae3c7a2":"","d461672d81a9f08f7a33c656f44f91e8":""},"yoast_head":"<!-- This site is optimized with the Yoast SEO plugin v27.4 - https:\/\/yoast.com\/product\/yoast-seo-wordpress\/ -->\n<title>Nadruk - Blockhaus Ahlhorn<\/title>\n<meta name=\"robots\" content=\"noindex, follow\" \/>\n<meta property=\"og:locale\" content=\"pl_PL\" \/>\n<meta property=\"og:type\" content=\"article\" \/>\n<meta property=\"og:title\" content=\"Nadruk - Blockhaus Ahlhorn\" \/>\n<meta property=\"og:description\" content=\"Nadruk Wydawca i osoba odpowiedzialna Blockhaus Ahlhorn gemeinn\u00fctzige GmbHreprezentowana przez dyrektora zarz\u0105dzaj\u0105cego Nielsa-Christana Heinsa Siedziba sp\u00f3\u0142ki:Stawy rybne Ahlhorn 26197 Gro\u00dfenkneten Tel: 04435\/939-0 Faks: 04435\/939-111 E-mail: info@blockhaus-ahlhorn.de Internet: www.blockhaus-ahlhorn.de Dane firmy:W\u0142a\u015bciwy organ nadzorczy:Pa\u0144stwowy Urz\u0105d Nadzoru Handlu OldenburgAdres pocztowy: Theodor-Tantzen-Platz 826122 OldenburgSkrytka pocztowa: 5455 26044 OldenburgS\u0105d Rejestrowy:S\u0105d lokalny w Oldenburgu Numer rejestracyjny:Rejestr handlowy B 218212Numer identyfikacji podatkowej [&hellip;]\" \/>\n<meta property=\"og:url\" content=\"https:\/\/blockhaus-ahlhorn.de\/pl\/nadruk\/\" \/>\n<meta property=\"og:site_name\" content=\"Blockhaus Ahlhorn\" \/>\n<meta property=\"article:modified_time\" content=\"2023-06-18T21:37:29+00:00\" \/>\n<meta name=\"twitter:card\" content=\"summary_large_image\" \/>\n<meta name=\"twitter:label1\" content=\"Szacowany czas czytania\" \/>\n\t<meta name=\"twitter:data1\" content=\"3 minuty\" \/>\n<script type=\"application\/ld+json\" class=\"yoast-schema-graph\">{\"@context\":\"https:\\\/\\\/schema.org\",\"@graph\":[{\"@type\":\"WebPage\",\"@id\":\"https:\\\/\\\/blockhaus-ahlhorn.de\\\/pl\\\/nadruk\\\/\",\"url\":\"https:\\\/\\\/blockhaus-ahlhorn.de\\\/pl\\\/nadruk\\\/\",\"name\":\"Nadruk - Blockhaus Ahlhorn\",\"isPartOf\":{\"@id\":\"https:\\\/\\\/blockhaus-ahlhorn.de\\\/pl\\\/#website\"},\"datePublished\":\"2022-11-26T18:40:53+00:00\",\"dateModified\":\"2023-06-18T21:37:29+00:00\",\"breadcrumb\":{\"@id\":\"https:\\\/\\\/blockhaus-ahlhorn.de\\\/pl\\\/nadruk\\\/#breadcrumb\"},\"inLanguage\":\"pl-PL\",\"potentialAction\":[{\"@type\":\"ReadAction\",\"target\":[\"https:\\\/\\\/blockhaus-ahlhorn.de\\\/pl\\\/nadruk\\\/\"]}]},{\"@type\":\"BreadcrumbList\",\"@id\":\"https:\\\/\\\/blockhaus-ahlhorn.de\\\/pl\\\/nadruk\\\/#breadcrumb\",\"itemListElement\":[{\"@type\":\"ListItem\",\"position\":1,\"name\":\"Startseite\",\"item\":\"https:\\\/\\\/blockhaus-ahlhorn.de\\\/pl\\\/\"},{\"@type\":\"ListItem\",\"position\":2,\"name\":\"Nadruk\"}]},{\"@type\":\"WebSite\",\"@id\":\"https:\\\/\\\/blockhaus-ahlhorn.de\\\/pl\\\/#website\",\"url\":\"https:\\\/\\\/blockhaus-ahlhorn.de\\\/pl\\\/\",\"name\":\"Blockhaus Ahlhorn\",\"description\":\"Heimatverbunden in Ahlhorn, Niedersachsen\",\"publisher\":{\"@id\":\"https:\\\/\\\/blockhaus-ahlhorn.de\\\/pl\\\/#organization\"},\"potentialAction\":[{\"@type\":\"SearchAction\",\"target\":{\"@type\":\"EntryPoint\",\"urlTemplate\":\"https:\\\/\\\/blockhaus-ahlhorn.de\\\/pl\\\/?s={search_term_string}\"},\"query-input\":{\"@type\":\"PropertyValueSpecification\",\"valueRequired\":true,\"valueName\":\"search_term_string\"}}],\"inLanguage\":\"pl-PL\"},{\"@type\":\"Organization\",\"@id\":\"https:\\\/\\\/blockhaus-ahlhorn.de\\\/pl\\\/#organization\",\"name\":\"Blockhaus Ahlhorn\",\"url\":\"https:\\\/\\\/blockhaus-ahlhorn.de\\\/pl\\\/\",\"logo\":{\"@type\":\"ImageObject\",\"inLanguage\":\"pl-PL\",\"@id\":\"https:\\\/\\\/blockhaus-ahlhorn.de\\\/pl\\\/#\\\/schema\\\/logo\\\/image\\\/\",\"url\":\"https:\\\/\\\/blockhaus-ahlhorn.de\\\/wp-content\\\/uploads\\\/2022\\\/11\\\/Logo-Blockhaus-Alhorn.png\",\"contentUrl\":\"https:\\\/\\\/blockhaus-ahlhorn.de\\\/wp-content\\\/uploads\\\/2022\\\/11\\\/Logo-Blockhaus-Alhorn.png\",\"width\":1200,\"height\":350,\"caption\":\"Blockhaus Ahlhorn\"},\"image\":{\"@id\":\"https:\\\/\\\/blockhaus-ahlhorn.de\\\/pl\\\/#\\\/schema\\\/logo\\\/image\\\/\"}}]}<\/script>\n<!-- \/ Yoast SEO plugin. -->","yoast_head_json":{"title":"Nadruk - Blockhaus Ahlhorn","robots":{"index":"noindex","follow":"follow"},"og_locale":"pl_PL","og_type":"article","og_title":"Nadruk - Blockhaus Ahlhorn","og_description":"Nadruk Wydawca i osoba odpowiedzialna Blockhaus Ahlhorn gemeinn\u00fctzige GmbHreprezentowana przez dyrektora zarz\u0105dzaj\u0105cego Nielsa-Christana Heinsa Siedziba sp\u00f3\u0142ki:Stawy rybne Ahlhorn 26197 Gro\u00dfenkneten Tel: 04435\/939-0 Faks: 04435\/939-111 E-mail: info@blockhaus-ahlhorn.de Internet: www.blockhaus-ahlhorn.de Dane firmy:W\u0142a\u015bciwy organ nadzorczy:Pa\u0144stwowy Urz\u0105d Nadzoru Handlu OldenburgAdres pocztowy: Theodor-Tantzen-Platz 826122 OldenburgSkrytka pocztowa: 5455 26044 OldenburgS\u0105d Rejestrowy:S\u0105d lokalny w Oldenburgu Numer rejestracyjny:Rejestr handlowy B 218212Numer identyfikacji podatkowej [&hellip;]","og_url":"https:\/\/blockhaus-ahlhorn.de\/pl\/nadruk\/","og_site_name":"Blockhaus Ahlhorn","article_modified_time":"2023-06-18T21:37:29+00:00","twitter_card":"summary_large_image","twitter_misc":{"Szacowany czas czytania":"3 minuty"},"schema":{"@context":"https:\/\/schema.org","@graph":[{"@type":"WebPage","@id":"https:\/\/blockhaus-ahlhorn.de\/pl\/nadruk\/","url":"https:\/\/blockhaus-ahlhorn.de\/pl\/nadruk\/","name":"Nadruk - Blockhaus Ahlhorn","isPartOf":{"@id":"https:\/\/blockhaus-ahlhorn.de\/pl\/#website"},"datePublished":"2022-11-26T18:40:53+00:00","dateModified":"2023-06-18T21:37:29+00:00","breadcrumb":{"@id":"https:\/\/blockhaus-ahlhorn.de\/pl\/nadruk\/#breadcrumb"},"inLanguage":"pl-PL","potentialAction":[{"@type":"ReadAction","target":["https:\/\/blockhaus-ahlhorn.de\/pl\/nadruk\/"]}]},{"@type":"BreadcrumbList","@id":"https:\/\/blockhaus-ahlhorn.de\/pl\/nadruk\/#breadcrumb","itemListElement":[{"@type":"ListItem","position":1,"name":"Startseite","item":"https:\/\/blockhaus-ahlhorn.de\/pl\/"},{"@type":"ListItem","position":2,"name":"Nadruk"}]},{"@type":"WebSite","@id":"https:\/\/blockhaus-ahlhorn.de\/pl\/#website","url":"https:\/\/blockhaus-ahlhorn.de\/pl\/","name":"Blockhaus Ahlhorn","description":"Heimatverbunden in Ahlhorn, Niedersachsen","publisher":{"@id":"https:\/\/blockhaus-ahlhorn.de\/pl\/#organization"},"potentialAction":[{"@type":"SearchAction","target":{"@type":"EntryPoint","urlTemplate":"https:\/\/blockhaus-ahlhorn.de\/pl\/?s={search_term_string}"},"query-input":{"@type":"PropertyValueSpecification","valueRequired":true,"valueName":"search_term_string"}}],"inLanguage":"pl-PL"},{"@type":"Organization","@id":"https:\/\/blockhaus-ahlhorn.de\/pl\/#organization","name":"Blockhaus Ahlhorn","url":"https:\/\/blockhaus-ahlhorn.de\/pl\/","logo":{"@type":"ImageObject","inLanguage":"pl-PL","@id":"https:\/\/blockhaus-ahlhorn.de\/pl\/#\/schema\/logo\/image\/","url":"https:\/\/blockhaus-ahlhorn.de\/wp-content\/uploads\/2022\/11\/Logo-Blockhaus-Alhorn.png","contentUrl":"https:\/\/blockhaus-ahlhorn.de\/wp-content\/uploads\/2022\/11\/Logo-Blockhaus-Alhorn.png","width":1200,"height":350,"caption":"Blockhaus Ahlhorn"},"image":{"@id":"https:\/\/blockhaus-ahlhorn.de\/pl\/#\/schema\/logo\/image\/"}}]}},"meta_box":[],"_links":{"self":[{"href":"https:\/\/blockhaus-ahlhorn.de\/pl\/wp-json\/wp\/v2\/pages\/4508","targetHints":{"allow":["GET"]}}],"collection":[{"href":"https:\/\/blockhaus-ahlhorn.de\/pl\/wp-json\/wp\/v2\/pages"}],"about":[{"href":"https:\/\/blockhaus-ahlhorn.de\/pl\/wp-json\/wp\/v2\/types\/page"}],"author":[{"embeddable":true,"href":"https:\/\/blockhaus-ahlhorn.de\/pl\/wp-json\/wp\/v2\/users\/1"}],"replies":[{"embeddable":true,"href":"https:\/\/blockhaus-ahlhorn.de\/pl\/wp-json\/wp\/v2\/comments?post=4508"}],"version-history":[{"count":0,"href":"https:\/\/blockhaus-ahlhorn.de\/pl\/wp-json\/wp\/v2\/pages\/4508\/revisions"}],"wp:attachment":[{"href":"https:\/\/blockhaus-ahlhorn.de\/pl\/wp-json\/wp\/v2\/media?parent=4508"}],"curies":[{"name":"wp","href":"https:\/\/api.w.org\/{rel}","templated":true}]}}