{"id":4498,"date":"2022-11-26T19:40:53","date_gmt":"2022-11-26T18:40:53","guid":{"rendered":"https:\/\/blockhaus-ahlhorn.de\/impronta\/"},"modified":"2023-06-18T23:37:27","modified_gmt":"2023-06-18T21:37:27","slug":"impronta","status":"publish","type":"page","link":"https:\/\/blockhaus-ahlhorn.de\/it\/impronta\/","title":{"rendered":"Impronta"},"content":{"rendered":"\n<div style=\"height:116px\" aria-hidden=\"true\" class=\"wp-block-spacer\"><\/div>\n\n<div class=\"wp-block-stackable-columns alignfull stk-block-columns stk-block stk-40c4c44 stk-block-background stk--has-background-overlay\" data-block-id=\"40c4c44\"><style>.stk-40c4c44{background-color:var(--theme-palette-color-4,#192a3d) !important;background-image:url(https:\/\/blockhaus-ahlhorn.de\/wp-content\/uploads\/2023\/01\/Header-Startseite.png) !important;min-height:700px !important;align-items:center !important;margin-bottom:0px !important;display:flex !important}.stk-40c4c44:before{opacity:0.5 !important;background-image:linear-gradient(90deg,var(--theme-palette-color-4,#192a3d) 0%,rgba(25,42,61,0) 100%) !important}<\/style><div class=\"stk-row stk-inner-blocks stk-block-content stk-content-align stk-40c4c44-column alignwide\">\n<div class=\"wp-block-stackable-column stk-block-column stk-column stk-block stk-577c905\" data-v=\"4\" data-block-id=\"577c905\"><div class=\"stk-column-wrapper stk-block-column__content stk-container stk-577c905-container stk--no-background stk--no-padding\"><div class=\"stk-block-content stk-inner-blocks stk-577c905-inner-blocks\">\n<div class=\"wp-block-stackable-columns stk-block-columns stk-block stk-a58c989\" data-block-id=\"a58c989\"><style>.stk-a58c989{padding-left:3em !important}@media screen and (max-width:999px){.stk-a58c989{padding-left:0px !important}}@media screen and (max-width:689px){.stk-a58c989{padding-left:0px !important}}<\/style><div class=\"stk-row stk-inner-blocks stk-block-content stk-content-align stk-a58c989-column\">\n<div class=\"wp-block-stackable-column stk-block-column stk-column stk-block stk-f13b9bb\" data-v=\"4\" data-block-id=\"f13b9bb\"><style>@media screen and (min-width:690px){.stk-f13b9bb{flex:1 1 calc(40% - var(--stk-column-gap,0px) * 1 \/ 2 ) !important}}<\/style><div class=\"stk-column-wrapper stk-block-column__content stk-container stk-f13b9bb-container stk--no-background stk--no-padding\"><div class=\"stk-block-content stk-inner-blocks stk-f13b9bb-inner-blocks\">\n<div class=\"wp-block-stackable-heading stk-block-heading stk-block-heading--v2 stk-block stk-3e6d85a\" id=\"impressum\" data-block-id=\"3e6d85a\"><style>.stk-3e6d85a .stk-block-heading__text{color:var(--theme-palette-color-8,#ffffff) !important}<\/style><h2 class=\"stk-block-heading__text has-text-color stk-block-heading--use-theme-margins\">Impronta<\/h2><\/div>\n\n\n\n<p class=\"has-text-align-left has-palette-color-8-color has-text-color\"><\/p>\n\n\n\n<div style=\"height:1px\" aria-hidden=\"true\" class=\"wp-block-spacer\"><\/div>\n<\/div><\/div><\/div>\n\n\n\n<div class=\"wp-block-stackable-column stk-block-column stk-column stk-block stk-db87e09\" data-v=\"4\" data-block-id=\"db87e09\"><style>@media screen and (min-width:690px){.stk-db87e09{flex:1 1 calc(60% - var(--stk-column-gap,0px) * 1 \/ 2 ) !important}}<\/style><div class=\"stk-column-wrapper stk-block-column__content stk-container stk-db87e09-container stk--no-background stk--no-padding\"><div class=\"stk-block-content stk-inner-blocks stk-db87e09-inner-blocks\"><\/div><\/div><\/div>\n<\/div><\/div>\n<\/div><\/div><\/div>\n<\/div><\/div>\n\n<div style=\"height:100px\" aria-hidden=\"true\" class=\"wp-block-spacer\"><\/div>\n\n<h4 class=\"wp-block-heading\"><strong>Editore e responsabile<\/strong><\/h4>\n\n<p>Blockhaus Ahlhorn gemeinn\u00fctzige GmbH<br\/>rappresentata dall&#8217;Amministratore delegato Niels-Christan Heins<br\/><br\/><strong>Sede legale della societ\u00e0:<\/strong><br\/>Stagni per pesci Ahlhorn<\/p>\n\n<p>26197 Gro\u00dfenkneten<br\/><br\/>Tel: 04435\/939-0<\/p>\n\n<p>Fax: 04435\/939-111<br\/><br\/>E-mail: <a href=\"mailto:info@blockhaus-ahlhorn.de\">info@blockhaus-ahlhorn.de<\/a><\/p>\n\n<p>Internet: www.blockhaus-ahlhorn.de<br\/><br\/><br\/><strong>Dettagli dell&#8217;azienda:<\/strong><br\/><strong>Autorit\u00e0 di vigilanza competente:<\/strong><br\/>Ufficio statale di vigilanza sul commercio di Oldenburg<br\/><strong>Indirizzo postale:<\/strong>    <\/p>\n\n<p>Theodor-Tantzen-Platz 8<br\/>26122 Oldenburg<br\/>Casella postale: 5455  <\/p>\n\n<p>26044 Oldenburg<br\/><strong>Tribunale di registrazione:<\/strong><br\/>Tribunale di Oldenburg<\/p>\n\n<p><br\/><strong>Numero di registrazione:<\/strong><br\/>Registro commerciale B 218212<br\/>Numero di identificazione dell&#8217;imposta sulle vendite<br\/>68-201-08390<br\/><br\/><strong>Editoriale:<\/strong><br\/>Nicole Langfermann<\/p>\n\n<p>E-mail: <a href=\"mailto:info@blockhaus-ahlhorn.de\">info@blockhaus-ahlhorn.de<\/a><br\/><strong>Foto:<\/strong><br\/>I diritti d&#8217;immagine sono detenuti dalla Chiesa Ev.-Luth. di Oldenburg.<\/p>\n\n<h4 class=\"wp-block-heading\"><strong>Avviso di responsabilit\u00e0<\/strong><\/h4>\n\n<p>Il responsabile non si assume alcuna responsabilit\u00e0 per l&#8217;attualit\u00e0, la correttezza, la completezza o la qualit\u00e0 delle informazioni fornite. Le richieste di responsabilit\u00e0 nei confronti della parte responsabile relative a danni materiali o immateriali causati dall&#8217;uso o dal mancato uso delle informazioni fornite o dall&#8217;uso di informazioni errate o incomplete sono escluse in linea di principio, a meno che non si dimostri il dolo o la grave negligenza della parte responsabile.<\/p>\n\n<p>Riferimenti e link: Nel caso di riferimenti diretti o indiretti a pagine Internet esterne (&#8220;link&#8221;) che si trovano al di fuori dell&#8217;area di responsabilit\u00e0 del responsabile, l&#8217;obbligo di responsabilit\u00e0 entrerebbe in vigore solo se il responsabile fosse a conoscenza del contenuto e se fosse tecnicamente possibile e ragionevole per lui impedirne l&#8217;utilizzo nel caso di contenuti illegali. La persona responsabile dichiara espressamente che al momento della creazione dei link non era visibile alcun contenuto illegale nelle pagine collegate. La parte responsabile non ha alcuna influenza sulla struttura attuale e futura, sui contenuti e sulla paternit\u00e0 delle pagine collegate. Pertanto, egli prende espressamente le distanze da tutti i contenuti di tutte le pagine collegate che sono state modificate dopo la creazione del link. La presente dichiarazione vale per tutti i link e i riferimenti presenti all&#8217;interno della propria offerta Internet, nonch\u00e9 per le voci esterne dei libri degli ospiti, dei forum di discussione e delle mailing list creati dalla persona responsabile. Per i contenuti illegali, errati o incompleti e soprattutto per i danni derivanti dall&#8217;uso o dal mancato uso di tali informazioni, \u00e8 responsabile solo il fornitore della pagina collegata, non colui che si limita a rimandare alla rispettiva pubblicazione tramite link.<\/p>\n\n<p>Diritto d&#8217;autore e di marchio: la persona responsabile si impegna a rispettare i diritti d&#8217;autore dei grafici, dei documenti sonori, delle sequenze video e dei testi utilizzati in tutte le pubblicazioni, a utilizzare grafici, documenti sonori, sequenze video e testi creati da lei stessa o a ricorrere a grafici, documenti sonori, sequenze video e testi privi di licenza. Tutti i nomi e i marchi di fabbrica citati nel sito web ed eventualmente protetti da terzi sono soggetti senza limitazioni alle disposizioni della legge sui marchi di fabbrica applicabile e ai diritti di propriet\u00e0 dei rispettivi proprietari registrati. La semplice menzione di un marchio non significa che non sia protetto da diritti di terzi! Il diritto d&#8217;autore per gli oggetti pubblicati creati dal responsabile stesso rimane esclusivamente del responsabile delle pagine. La duplicazione o l&#8217;uso di oggetti come diagrammi, suoni o testi in altre pubblicazioni elettroniche o stampate non \u00e8 consentita senza il consenso dell&#8217;autore.<\/p>\n\n<p>Validit\u00e0 legale della presente clausola di esclusione della responsabilit\u00e0: la presente clausola di esclusione della responsabilit\u00e0 \u00e8 da considerarsi parte integrante della pubblicazione internet da cui siete stati indirizzati. Se sezioni o singoli termini di questa dichiarazione non sono legali o corretti, il contenuto o la validit\u00e0 delle altre parti non sono influenzati da questo fatto.<\/p>\n\n<div style=\"height:100px\" aria-hidden=\"true\" class=\"wp-block-spacer\"><\/div>\n","protected":false},"excerpt":{"rendered":"<p>Impronta Editore e responsabile Blockhaus Ahlhorn gemeinn\u00fctzige GmbHrappresentata dall&#8217;Amministratore delegato Niels-Christan Heins Sede legale della societ\u00e0:Stagni per pesci Ahlhorn 26197 Gro\u00dfenkneten Tel: 04435\/939-0 Fax: 04435\/939-111 E-mail: info@blockhaus-ahlhorn.de Internet: www.blockhaus-ahlhorn.de Dettagli dell&#8217;azienda:Autorit\u00e0 di vigilanza competente:Ufficio statale di vigilanza sul commercio di OldenburgIndirizzo postale: Theodor-Tantzen-Platz 826122 OldenburgCasella postale: 5455 26044 OldenburgTribunale di registrazione:Tribunale di Oldenburg Numero di [&hellip;]<\/p>\n","protected":false},"author":1,"featured_media":0,"parent":0,"menu_order":0,"comment_status":"closed","ping_status":"closed","template":"","meta":{"ngg_post_thumbnail":0,"footnotes":""},"class_list":["post-4498","page","type-page","status-publish","hentry"],"blocksy_meta":{"page_title_panel":"","has_hero_section":"disabled","f3f8f49fb10cdf60f245ab9c8d61436e":"","hero_section":"type-1","hero_elements":[{"id":"custom_title","enabled":true,"heading_tag":"h1","title":"Home"},{"id":"custom_description","enabled":true,"description_visibility":{"desktop":true,"tablet":true,"mobile":false}},{"id":"custom_meta","enabled":false,"meta_elements":[{"id":"author","enabled":true,"label":"By","has_author_avatar":"yes","avatar_size":25},{"id":"post_date","enabled":true,"label":"On","date_format_source":"default","date_format":"M j, Y"},{"id":"updated_date","enabled":false,"label":"On","date_format_source":"default","date_format":"M j, Y"},{"id":"categories","enabled":false,"label":"In","style":"simple"},{"id":"comments","enabled":true}],"page_meta_elements":{"joined":true,"articles_count":true,"comments":true}},{"id":"breadcrumbs","enabled":false}],"442407010c59f3ff91e57db40c13aa51":"","hero_alignment1":"CT_CSS_SKIP_RULE","hero_margin":40,"hero_alignment2":"center","hero_vertical_alignment":"center","81921b98d6b487651b2df5d7a9d37022":"","hero_structure":"narrow","913c0035614d47b332bdecd7430ace76":"","page_title_bg_type":"featured_image","custom_hero_background":{"attachment_id":null},"parallax":{"desktop":false,"tablet":false,"mobile":false},"70967a6a7da28d6c770c344eb8409341":"","hero_height":"250px","pageTitleFont":{"family":"Default","variation":"Default","size":"30px","line-height":"CT_CSS_SKIP_RULE","letter-spacing":"CT_CSS_SKIP_RULE","text-transform":"CT_CSS_SKIP_RULE","text-decoration":"CT_CSS_SKIP_RULE"},"pageTitleFontColor":{"default":{"color":"CT_CSS_SKIP_RULEDEFAULT"}},"pageMetaFont":{"family":"Default","variation":"n6","size":"12px","line-height":"1.3","letter-spacing":"CT_CSS_SKIP_RULE","text-transform":"uppercase","text-decoration":"CT_CSS_SKIP_RULE"},"pageMetaFontColor":{"default":{"color":"CT_CSS_SKIP_RULEDEFAULT"},"hover":{"color":"CT_CSS_SKIP_RULEDEFAULT"}},"page_meta_button_type_font_colors":{"default":{"color":"CT_CSS_SKIP_RULEDEFAULT"},"hover":{"color":"CT_CSS_SKIP_RULEDEFAULT"}},"page_meta_button_type_background_colors":{"default":{"color":"CT_CSS_SKIP_RULEDEFAULT"},"hover":{"color":"CT_CSS_SKIP_RULEDEFAULT"}},"pageExcerptFont":{"family":"Default","variation":"Default","size":"CT_CSS_SKIP_RULE","line-height":"CT_CSS_SKIP_RULE","letter-spacing":"CT_CSS_SKIP_RULE","text-transform":"CT_CSS_SKIP_RULE","text-decoration":"CT_CSS_SKIP_RULE"},"pageExcerptColor":{"default":{"color":"CT_CSS_SKIP_RULEDEFAULT"}},"breadcrumbsFont":{"family":"Default","variation":"Default","size":"CT_CSS_SKIP_RULE","line-height":"CT_CSS_SKIP_RULE","letter-spacing":"CT_CSS_SKIP_RULE","text-transform":"CT_CSS_SKIP_RULE","text-decoration":"CT_CSS_SKIP_RULE"},"breadcrumbsFontColor":{"default":{"color":"CT_CSS_SKIP_RULEDEFAULT"},"initial":{"color":"CT_CSS_SKIP_RULEDEFAULT"},"hover":{"color":"CT_CSS_SKIP_RULEDEFAULT"}},"pageTitleOverlay":{"background_type":"color","background_pattern":"type-1","background_image":{"attachment_id":null,"x":0,"y":0},"gradient":"linear-gradient(135deg,rgba(6,147,227,1) 0%,rgb(155,81,224) 100%)","background_repeat":"repeat","background_size":"auto","background_attachment":"scroll","patternColor":{"default":{"color":"#e5e7ea"}},"overlayColor":{"default":{"color":"CT_CSS_SKIP_RULE"}},"backgroundColor":{"default":{"color":"CT_CSS_SKIP_RULE"}}},"pageTitleBackground":{"background_type":"color","background_pattern":"type-1","background_image":{"attachment_id":null,"x":0,"y":0},"gradient":"linear-gradient(135deg,rgba(6,147,227,1) 0%,rgb(155,81,224) 100%)","background_repeat":"repeat","background_size":"auto","background_attachment":"scroll","patternColor":{"default":{"color":"#e5e7ea"}},"overlayColor":{"default":{"color":"CT_CSS_SKIP_RULE"}},"backgroundColor":{"default":{"color":"var(--theme-palette-color-6)"}}},"pageTitlePadding":{"top":"50px","bottom":"50px","left":"auto","right":"auto","linked":true},"2e05a9c38d0c36bceda7b14b88d788de":"","page_structure_type":"default","a94223346daed16993233c45c5846fc9":"","content_style_source":"inherit","content_style":"wide","vertical_spacing_source":"custom","content_area_spacing":"none","background":{"background_type":"color","background_pattern":"type-1","background_image":{"attachment_id":null,"x":0,"y":0},"gradient":"linear-gradient(135deg,rgba(6,147,227,1) 0%,rgb(155,81,224) 100%)","background_repeat":"repeat","background_size":"auto","background_attachment":"scroll","patternColor":{"default":{"color":"#e5e7ea"}},"overlayColor":{"default":{"color":"CT_CSS_SKIP_RULE"}},"backgroundColor":{"default":{"color":"CT_CSS_SKIP_RULE"}}},"content_background":{"background_type":"color","background_pattern":"type-1","background_image":{"attachment_id":null,"x":0,"y":0},"gradient":"linear-gradient(135deg,rgba(6,147,227,1) 0%,rgb(155,81,224) 100%)","background_repeat":"repeat","background_size":"auto","background_attachment":"scroll","patternColor":{"default":{"color":"#e5e7ea"}},"overlayColor":{"default":{"color":"CT_CSS_SKIP_RULE"}},"backgroundColor":{"default":{"color":"var(--theme-palette-color-8)"}}},"content_boxed_shadow":{"inherit":false,"blur":18,"spread":-6,"v_offset":12,"h_offset":0,"inset":false,"enable":true,"color":{"color":"rgba(34, 56, 101, 0.04)"}},"boxed_content_spacing":{"desktop":{"top":"40px","bottom":"40px","left":"40px","right":"40px","linked":true},"tablet":{"top":"35px","bottom":"35px","left":"35px","right":"35px","linked":true},"mobile":{"top":"20px","bottom":"20px","left":"20px","right":"20px","linked":true}},"content_boxed_radius":{"top":"3px","bottom":"3px","left":"3px","right":"3px","linked":true},"3ada77dc07bfaa247452c0ce87b83283":"","disable_featured_image":"no","disable_share_box":"no","disable_header":"no","disable_footer":"no","styles_descriptor":{"styles":{"desktop":"","tablet":"","mobile":""},"google_fonts":[],"version":6},"c1520e0c171ff62a862cccd198b5db4e":"","fb478f72fd2442d74f9a24d0b83fc3f9":"","bd2a79c1e55e8ea1648cd7bfe31100b9":"","8b1b758c92ec3143f21c03d8591a8d87":"","60c3e69010b70c71047c30e24b496391":"","3f323aba5c21edcbae60598e44ec2755":"","79aff2cc484aad5b0d0e54c70ae3c7a2":"","d461672d81a9f08f7a33c656f44f91e8":""},"yoast_head":"<!-- This site is optimized with the Yoast SEO plugin v27.5 - https:\/\/yoast.com\/product\/yoast-seo-wordpress\/ -->\n<title>Impronta - Blockhaus Ahlhorn<\/title>\n<meta name=\"robots\" content=\"noindex, follow\" \/>\n<meta property=\"og:locale\" content=\"it_IT\" \/>\n<meta property=\"og:type\" content=\"article\" \/>\n<meta property=\"og:title\" content=\"Impronta - Blockhaus Ahlhorn\" \/>\n<meta property=\"og:description\" content=\"Impronta Editore e responsabile Blockhaus Ahlhorn gemeinn\u00fctzige GmbHrappresentata dall&#8217;Amministratore delegato Niels-Christan Heins Sede legale della societ\u00e0:Stagni per pesci Ahlhorn 26197 Gro\u00dfenkneten Tel: 04435\/939-0 Fax: 04435\/939-111 E-mail: info@blockhaus-ahlhorn.de Internet: www.blockhaus-ahlhorn.de Dettagli dell&#8217;azienda:Autorit\u00e0 di vigilanza competente:Ufficio statale di vigilanza sul commercio di OldenburgIndirizzo postale: Theodor-Tantzen-Platz 826122 OldenburgCasella postale: 5455 26044 OldenburgTribunale di registrazione:Tribunale di Oldenburg Numero di [&hellip;]\" \/>\n<meta property=\"og:url\" content=\"https:\/\/blockhaus-ahlhorn.de\/it\/impronta\/\" \/>\n<meta property=\"og:site_name\" content=\"Blockhaus Ahlhorn\" \/>\n<meta property=\"article:modified_time\" content=\"2023-06-18T21:37:27+00:00\" \/>\n<meta name=\"twitter:card\" content=\"summary_large_image\" \/>\n<meta name=\"twitter:label1\" content=\"Tempo di lettura stimato\" \/>\n\t<meta name=\"twitter:data1\" content=\"3 minuti\" \/>\n<script type=\"application\/ld+json\" class=\"yoast-schema-graph\">{\"@context\":\"https:\\\/\\\/schema.org\",\"@graph\":[{\"@type\":\"WebPage\",\"@id\":\"https:\\\/\\\/blockhaus-ahlhorn.de\\\/it\\\/impronta\\\/\",\"url\":\"https:\\\/\\\/blockhaus-ahlhorn.de\\\/it\\\/impronta\\\/\",\"name\":\"Impronta - Blockhaus Ahlhorn\",\"isPartOf\":{\"@id\":\"https:\\\/\\\/blockhaus-ahlhorn.de\\\/it\\\/#website\"},\"datePublished\":\"2022-11-26T18:40:53+00:00\",\"dateModified\":\"2023-06-18T21:37:27+00:00\",\"breadcrumb\":{\"@id\":\"https:\\\/\\\/blockhaus-ahlhorn.de\\\/it\\\/impronta\\\/#breadcrumb\"},\"inLanguage\":\"it-IT\",\"potentialAction\":[{\"@type\":\"ReadAction\",\"target\":[\"https:\\\/\\\/blockhaus-ahlhorn.de\\\/it\\\/impronta\\\/\"]}]},{\"@type\":\"BreadcrumbList\",\"@id\":\"https:\\\/\\\/blockhaus-ahlhorn.de\\\/it\\\/impronta\\\/#breadcrumb\",\"itemListElement\":[{\"@type\":\"ListItem\",\"position\":1,\"name\":\"Startseite\",\"item\":\"https:\\\/\\\/blockhaus-ahlhorn.de\\\/it\\\/\"},{\"@type\":\"ListItem\",\"position\":2,\"name\":\"Impronta\"}]},{\"@type\":\"WebSite\",\"@id\":\"https:\\\/\\\/blockhaus-ahlhorn.de\\\/it\\\/#website\",\"url\":\"https:\\\/\\\/blockhaus-ahlhorn.de\\\/it\\\/\",\"name\":\"Blockhaus Ahlhorn\",\"description\":\"Heimatverbunden in Ahlhorn, Niedersachsen\",\"publisher\":{\"@id\":\"https:\\\/\\\/blockhaus-ahlhorn.de\\\/it\\\/#organization\"},\"potentialAction\":[{\"@type\":\"SearchAction\",\"target\":{\"@type\":\"EntryPoint\",\"urlTemplate\":\"https:\\\/\\\/blockhaus-ahlhorn.de\\\/it\\\/?s={search_term_string}\"},\"query-input\":{\"@type\":\"PropertyValueSpecification\",\"valueRequired\":true,\"valueName\":\"search_term_string\"}}],\"inLanguage\":\"it-IT\"},{\"@type\":\"Organization\",\"@id\":\"https:\\\/\\\/blockhaus-ahlhorn.de\\\/it\\\/#organization\",\"name\":\"Blockhaus Ahlhorn\",\"url\":\"https:\\\/\\\/blockhaus-ahlhorn.de\\\/it\\\/\",\"logo\":{\"@type\":\"ImageObject\",\"inLanguage\":\"it-IT\",\"@id\":\"https:\\\/\\\/blockhaus-ahlhorn.de\\\/it\\\/#\\\/schema\\\/logo\\\/image\\\/\",\"url\":\"https:\\\/\\\/blockhaus-ahlhorn.de\\\/wp-content\\\/uploads\\\/2022\\\/11\\\/Logo-Blockhaus-Alhorn.png\",\"contentUrl\":\"https:\\\/\\\/blockhaus-ahlhorn.de\\\/wp-content\\\/uploads\\\/2022\\\/11\\\/Logo-Blockhaus-Alhorn.png\",\"width\":1200,\"height\":350,\"caption\":\"Blockhaus Ahlhorn\"},\"image\":{\"@id\":\"https:\\\/\\\/blockhaus-ahlhorn.de\\\/it\\\/#\\\/schema\\\/logo\\\/image\\\/\"}}]}<\/script>\n<!-- \/ Yoast SEO plugin. -->","yoast_head_json":{"title":"Impronta - Blockhaus Ahlhorn","robots":{"index":"noindex","follow":"follow"},"og_locale":"it_IT","og_type":"article","og_title":"Impronta - Blockhaus Ahlhorn","og_description":"Impronta Editore e responsabile Blockhaus Ahlhorn gemeinn\u00fctzige GmbHrappresentata dall&#8217;Amministratore delegato Niels-Christan Heins Sede legale della societ\u00e0:Stagni per pesci Ahlhorn 26197 Gro\u00dfenkneten Tel: 04435\/939-0 Fax: 04435\/939-111 E-mail: info@blockhaus-ahlhorn.de Internet: www.blockhaus-ahlhorn.de Dettagli dell&#8217;azienda:Autorit\u00e0 di vigilanza competente:Ufficio statale di vigilanza sul commercio di OldenburgIndirizzo postale: Theodor-Tantzen-Platz 826122 OldenburgCasella postale: 5455 26044 OldenburgTribunale di registrazione:Tribunale di Oldenburg Numero di [&hellip;]","og_url":"https:\/\/blockhaus-ahlhorn.de\/it\/impronta\/","og_site_name":"Blockhaus Ahlhorn","article_modified_time":"2023-06-18T21:37:27+00:00","twitter_card":"summary_large_image","twitter_misc":{"Tempo di lettura stimato":"3 minuti"},"schema":{"@context":"https:\/\/schema.org","@graph":[{"@type":"WebPage","@id":"https:\/\/blockhaus-ahlhorn.de\/it\/impronta\/","url":"https:\/\/blockhaus-ahlhorn.de\/it\/impronta\/","name":"Impronta - Blockhaus Ahlhorn","isPartOf":{"@id":"https:\/\/blockhaus-ahlhorn.de\/it\/#website"},"datePublished":"2022-11-26T18:40:53+00:00","dateModified":"2023-06-18T21:37:27+00:00","breadcrumb":{"@id":"https:\/\/blockhaus-ahlhorn.de\/it\/impronta\/#breadcrumb"},"inLanguage":"it-IT","potentialAction":[{"@type":"ReadAction","target":["https:\/\/blockhaus-ahlhorn.de\/it\/impronta\/"]}]},{"@type":"BreadcrumbList","@id":"https:\/\/blockhaus-ahlhorn.de\/it\/impronta\/#breadcrumb","itemListElement":[{"@type":"ListItem","position":1,"name":"Startseite","item":"https:\/\/blockhaus-ahlhorn.de\/it\/"},{"@type":"ListItem","position":2,"name":"Impronta"}]},{"@type":"WebSite","@id":"https:\/\/blockhaus-ahlhorn.de\/it\/#website","url":"https:\/\/blockhaus-ahlhorn.de\/it\/","name":"Blockhaus Ahlhorn","description":"Heimatverbunden in Ahlhorn, Niedersachsen","publisher":{"@id":"https:\/\/blockhaus-ahlhorn.de\/it\/#organization"},"potentialAction":[{"@type":"SearchAction","target":{"@type":"EntryPoint","urlTemplate":"https:\/\/blockhaus-ahlhorn.de\/it\/?s={search_term_string}"},"query-input":{"@type":"PropertyValueSpecification","valueRequired":true,"valueName":"search_term_string"}}],"inLanguage":"it-IT"},{"@type":"Organization","@id":"https:\/\/blockhaus-ahlhorn.de\/it\/#organization","name":"Blockhaus Ahlhorn","url":"https:\/\/blockhaus-ahlhorn.de\/it\/","logo":{"@type":"ImageObject","inLanguage":"it-IT","@id":"https:\/\/blockhaus-ahlhorn.de\/it\/#\/schema\/logo\/image\/","url":"https:\/\/blockhaus-ahlhorn.de\/wp-content\/uploads\/2022\/11\/Logo-Blockhaus-Alhorn.png","contentUrl":"https:\/\/blockhaus-ahlhorn.de\/wp-content\/uploads\/2022\/11\/Logo-Blockhaus-Alhorn.png","width":1200,"height":350,"caption":"Blockhaus Ahlhorn"},"image":{"@id":"https:\/\/blockhaus-ahlhorn.de\/it\/#\/schema\/logo\/image\/"}}]}},"meta_box":[],"_links":{"self":[{"href":"https:\/\/blockhaus-ahlhorn.de\/it\/wp-json\/wp\/v2\/pages\/4498","targetHints":{"allow":["GET"]}}],"collection":[{"href":"https:\/\/blockhaus-ahlhorn.de\/it\/wp-json\/wp\/v2\/pages"}],"about":[{"href":"https:\/\/blockhaus-ahlhorn.de\/it\/wp-json\/wp\/v2\/types\/page"}],"author":[{"embeddable":true,"href":"https:\/\/blockhaus-ahlhorn.de\/it\/wp-json\/wp\/v2\/users\/1"}],"replies":[{"embeddable":true,"href":"https:\/\/blockhaus-ahlhorn.de\/it\/wp-json\/wp\/v2\/comments?post=4498"}],"version-history":[{"count":0,"href":"https:\/\/blockhaus-ahlhorn.de\/it\/wp-json\/wp\/v2\/pages\/4498\/revisions"}],"wp:attachment":[{"href":"https:\/\/blockhaus-ahlhorn.de\/it\/wp-json\/wp\/v2\/media?parent=4498"}],"curies":[{"name":"wp","href":"https:\/\/api.w.org\/{rel}","templated":true}]}}