{"id":4269,"date":"2022-11-26T19:40:53","date_gmt":"2022-11-26T18:40:53","guid":{"rendered":"https:\/\/blockhaus-ahlhorn.de\/pie-de-imprenta\/"},"modified":"2023-06-18T23:37:32","modified_gmt":"2023-06-18T21:37:32","slug":"pie-de-imprenta","status":"publish","type":"page","link":"https:\/\/blockhaus-ahlhorn.de\/es\/pie-de-imprenta\/","title":{"rendered":"Pie de imprenta"},"content":{"rendered":"\n<div style=\"height:116px\" aria-hidden=\"true\" class=\"wp-block-spacer\"><\/div>\n\n<div class=\"wp-block-stackable-columns alignfull stk-block-columns stk-block stk-40c4c44 stk-block-background stk--has-background-overlay\" data-block-id=\"40c4c44\"><style>.stk-40c4c44{background-color:var(--theme-palette-color-4,#192a3d) !important;background-image:url(https:\/\/blockhaus-ahlhorn.de\/wp-content\/uploads\/2023\/01\/Header-Startseite.png) !important;min-height:700px !important;align-items:center !important;margin-bottom:0px !important;display:flex !important}.stk-40c4c44:before{opacity:0.5 !important;background-image:linear-gradient(90deg,var(--theme-palette-color-4,#192a3d) 0%,rgba(25,42,61,0) 100%) !important}<\/style><div class=\"stk-row stk-inner-blocks stk-block-content stk-content-align stk-40c4c44-column alignwide\">\n<div class=\"wp-block-stackable-column stk-block-column stk-column stk-block stk-577c905\" data-v=\"4\" data-block-id=\"577c905\"><div class=\"stk-column-wrapper stk-block-column__content stk-container stk-577c905-container stk--no-background stk--no-padding\"><div class=\"stk-block-content stk-inner-blocks stk-577c905-inner-blocks\">\n<div class=\"wp-block-stackable-columns stk-block-columns stk-block stk-a58c989\" data-block-id=\"a58c989\"><style>.stk-a58c989{padding-left:3em !important}@media screen and (max-width:999px){.stk-a58c989{padding-left:0px !important}}@media screen and (max-width:689px){.stk-a58c989{padding-left:0px !important}}<\/style><div class=\"stk-row stk-inner-blocks stk-block-content stk-content-align stk-a58c989-column\">\n<div class=\"wp-block-stackable-column stk-block-column stk-column stk-block stk-f13b9bb\" data-v=\"4\" data-block-id=\"f13b9bb\"><style>@media screen and (min-width:690px){.stk-f13b9bb{flex:1 1 calc(40% - var(--stk-column-gap,0px) * 1 \/ 2 ) !important}}<\/style><div class=\"stk-column-wrapper stk-block-column__content stk-container stk-f13b9bb-container stk--no-background stk--no-padding\"><div class=\"stk-block-content stk-inner-blocks stk-f13b9bb-inner-blocks\">\n<div class=\"wp-block-stackable-heading stk-block-heading stk-block-heading--v2 stk-block stk-3e6d85a\" id=\"impressum\" data-block-id=\"3e6d85a\"><style>.stk-3e6d85a .stk-block-heading__text{color:var(--theme-palette-color-8,#ffffff) !important}<\/style><h2 class=\"stk-block-heading__text has-text-color stk-block-heading--use-theme-margins\">Pie de imprenta<\/h2><\/div>\n\n\n\n<p class=\"has-text-align-left has-palette-color-8-color has-text-color\"><\/p>\n\n\n\n<div style=\"height:1px\" aria-hidden=\"true\" class=\"wp-block-spacer\"><\/div>\n<\/div><\/div><\/div>\n\n\n\n<div class=\"wp-block-stackable-column stk-block-column stk-column stk-block stk-db87e09\" data-v=\"4\" data-block-id=\"db87e09\"><style>@media screen and (min-width:690px){.stk-db87e09{flex:1 1 calc(60% - var(--stk-column-gap,0px) * 1 \/ 2 ) !important}}<\/style><div class=\"stk-column-wrapper stk-block-column__content stk-container stk-db87e09-container stk--no-background stk--no-padding\"><div class=\"stk-block-content stk-inner-blocks stk-db87e09-inner-blocks\"><\/div><\/div><\/div>\n<\/div><\/div>\n<\/div><\/div><\/div>\n<\/div><\/div>\n\n<div style=\"height:100px\" aria-hidden=\"true\" class=\"wp-block-spacer\"><\/div>\n\n<h4 class=\"wp-block-heading\"><strong>Editor y persona responsable<\/strong><\/h4>\n\n<p>Blockhaus Ahlhorn gemeinn\u00fctzige GmbH<br\/>representada por el Director General Niels-Christan Heins<br\/><br\/><strong>Domicilio social de la empresa:<\/strong><br\/>Estanques de peces Ahlhorn<\/p>\n\n<p>26197 Gro\u00dfenkneten<br\/><br\/>Tel: 04435\/939-0<\/p>\n\n<p>Fax: 04435\/939-111<br\/><br\/>Correo electr\u00f3nico: <a href=\"mailto:info@blockhaus-ahlhorn.de\">info@blockhaus-ahlhorn.de<\/a><\/p>\n\n<p>Internet: www.blockhaus-ahlhorn.de<br\/><br\/><br\/><strong>Datos de la empresa:<\/strong><br\/><strong>Autoridad de control competente:<\/strong><br\/>Oficina Estatal de Supervisi\u00f3n Comercial de Oldenburg<br\/><strong>Direcci\u00f3n postal:<\/strong>    <\/p>\n\n<p>Theodor-Tantzen-Platz 8<br\/>26122 Oldenburg<br\/>Apartado de correos: 5455  <\/p>\n\n<p>26044 Oldenburg<br\/><strong>Tribunal de Registro:<\/strong><br\/>Juzgado de Primera Instancia de Oldenburg<\/p>\n\n<p><br\/><strong>N\u00famero de registro:<\/strong><br\/>Registro mercantil B 218212<br\/>N\u00famero de identificaci\u00f3n fiscal<br\/>68-201-08390<br\/><br\/><strong>Editorial:<\/strong><br\/>Nicole Langfermann<\/p>\n\n<p>Correo electr\u00f3nico: <a href=\"mailto:info@blockhaus-ahlhorn.de\">info@blockhaus-ahlhorn.de<\/a><br\/><strong>Fotos:<\/strong><br\/>Los derechos de imagen pertenecen a la Iglesia Evang\u00e9lica Luterana de Oldenburg.<\/p>\n\n<h4 class=\"wp-block-heading\"><strong>Aviso de responsabilidad<\/strong><\/h4>\n\n<p>La persona responsable no asume responsabilidad alguna por la actualidad, exactitud, integridad o calidad de la informaci\u00f3n facilitada. Las reclamaciones de responsabilidad contra la parte responsable relativas a da\u00f1os materiales o inmateriales causados por el uso o no uso de la informaci\u00f3n facilitada o por el uso de informaci\u00f3n incorrecta o incompleta quedan excluidas por principio, a menos que existan pruebas de dolo o negligencia grave por parte de la parte responsable.<\/p>\n\n<p>Referencias y enlaces: En el caso de referencias directas o indirectas a p\u00e1ginas externas de Internet (\u00abenlaces\u00bb) que se encuentren fuera del \u00e1mbito de responsabilidad de la persona responsable, s\u00f3lo entrar\u00eda en vigor una obligaci\u00f3n de responsabilidad si la persona responsable tuviera conocimiento del contenido y le fuera t\u00e9cnicamente posible y razonable impedir el uso en el caso de contenidos ilegales. Por la presente, la persona responsable declara expresamente que en el momento de crear los enlaces no se apreciaba ning\u00fan contenido ilegal en las p\u00e1ginas enlazadas. La parte responsable no tiene ninguna influencia sobre el dise\u00f1o actual y futuro, el contenido o la autor\u00eda de las p\u00e1ginas enlazadas. Por lo tanto, por la presente se distancia expresamente de todos los contenidos de todas las p\u00e1ginas enlazadas que se hayan modificado despu\u00e9s de establecer el enlace. Esta declaraci\u00f3n se aplica a todos los enlaces y referencias establecidos dentro de la propia oferta de Internet, as\u00ed como a las entradas externas en libros de visitas, foros de debate y listas de correo creados por la persona responsable. De los contenidos ilegales, incorrectos o incompletos y, especialmente, de los da\u00f1os derivados del uso o no uso de dicha informaci\u00f3n, s\u00f3lo ser\u00e1 responsable el proveedor de la p\u00e1gina enlazada, no aquel que se limite a remitir a la publicaci\u00f3n correspondiente a trav\u00e9s de enlaces.<\/p>\n\n<p>Derecho de autor y de marcas: La persona responsable se esfuerza por respetar los derechos de autor de los gr\u00e1ficos, documentos sonoros, secuencias de v\u00eddeo y textos utilizados en todas las publicaciones, por utilizar gr\u00e1ficos, documentos sonoros, secuencias de v\u00eddeo y textos creados por ella misma o por recurrir a gr\u00e1ficos, documentos sonoros, secuencias de v\u00eddeo y textos libres de licencia. Todas las marcas y nombres comerciales mencionados en el sitio web y posiblemente protegidos por terceros est\u00e1n sujetos sin restricciones a las disposiciones de la legislaci\u00f3n aplicable en materia de marcas y a los derechos de propiedad de los respectivos propietarios registrados. La mera menci\u00f3n de una marca no significa que no est\u00e9 protegida por derechos de terceros. Los derechos de autor de los objetos publicados y creados por la propia persona responsable pertenecen exclusivamente a la persona responsable de las p\u00e1ginas. Queda prohibida la reproducci\u00f3n o utilizaci\u00f3n de objetos como diagramas, sonidos o textos en otras publicaciones electr\u00f3nicas o impresas sin el consentimiento del autor.<\/p>\n\n<p>Validez jur\u00eddica de esta cl\u00e1usula de exenci\u00f3n de responsabilidad: esta cl\u00e1usula de exenci\u00f3n de responsabilidad debe considerarse parte de la publicaci\u00f3n en Internet desde la que se le ha remitido. Si algunas secciones o t\u00e9rminos individuales de esta declaraci\u00f3n no son legales o correctos, el contenido o validez de las otras partes no se ver\u00e1n afectados por este hecho.<\/p>\n\n<div style=\"height:100px\" aria-hidden=\"true\" class=\"wp-block-spacer\"><\/div>\n","protected":false},"excerpt":{"rendered":"<p>Pie de imprenta Editor y persona responsable Blockhaus Ahlhorn gemeinn\u00fctzige GmbHrepresentada por el Director General Niels-Christan Heins Domicilio social de la empresa:Estanques de peces Ahlhorn 26197 Gro\u00dfenkneten Tel: 04435\/939-0 Fax: 04435\/939-111 Correo electr\u00f3nico: info@blockhaus-ahlhorn.de Internet: www.blockhaus-ahlhorn.de Datos de la empresa:Autoridad de control competente:Oficina Estatal de Supervisi\u00f3n Comercial de OldenburgDirecci\u00f3n postal: Theodor-Tantzen-Platz 826122 OldenburgApartado de correos: [&hellip;]<\/p>\n","protected":false},"author":1,"featured_media":0,"parent":0,"menu_order":0,"comment_status":"closed","ping_status":"closed","template":"","meta":{"ngg_post_thumbnail":0,"footnotes":""},"class_list":["post-4269","page","type-page","status-publish","hentry"],"blocksy_meta":{"page_title_panel":"","has_hero_section":"disabled","f3f8f49fb10cdf60f245ab9c8d61436e":"","hero_section":"type-1","hero_elements":[{"id":"custom_title","enabled":true,"heading_tag":"h1","title":"Home"},{"id":"custom_description","enabled":true,"description_visibility":{"desktop":true,"tablet":true,"mobile":false}},{"id":"custom_meta","enabled":false,"meta_elements":[{"id":"author","enabled":true,"label":"By","has_author_avatar":"yes","avatar_size":25},{"id":"post_date","enabled":true,"label":"On","date_format_source":"default","date_format":"M j, Y"},{"id":"updated_date","enabled":false,"label":"On","date_format_source":"default","date_format":"M j, Y"},{"id":"categories","enabled":false,"label":"In","style":"simple"},{"id":"comments","enabled":true}],"page_meta_elements":{"joined":true,"articles_count":true,"comments":true}},{"id":"breadcrumbs","enabled":false}],"442407010c59f3ff91e57db40c13aa51":"","hero_alignment1":"CT_CSS_SKIP_RULE","hero_margin":40,"hero_alignment2":"center","hero_vertical_alignment":"center","81921b98d6b487651b2df5d7a9d37022":"","hero_structure":"narrow","913c0035614d47b332bdecd7430ace76":"","page_title_bg_type":"featured_image","custom_hero_background":{"attachment_id":null},"parallax":{"desktop":false,"tablet":false,"mobile":false},"70967a6a7da28d6c770c344eb8409341":"","hero_height":"250px","pageTitleFont":{"family":"Default","variation":"Default","size":"30px","line-height":"CT_CSS_SKIP_RULE","letter-spacing":"CT_CSS_SKIP_RULE","text-transform":"CT_CSS_SKIP_RULE","text-decoration":"CT_CSS_SKIP_RULE"},"pageTitleFontColor":{"default":{"color":"CT_CSS_SKIP_RULEDEFAULT"}},"pageMetaFont":{"family":"Default","variation":"n6","size":"12px","line-height":"1.3","letter-spacing":"CT_CSS_SKIP_RULE","text-transform":"uppercase","text-decoration":"CT_CSS_SKIP_RULE"},"pageMetaFontColor":{"default":{"color":"CT_CSS_SKIP_RULEDEFAULT"},"hover":{"color":"CT_CSS_SKIP_RULEDEFAULT"}},"page_meta_button_type_font_colors":{"default":{"color":"CT_CSS_SKIP_RULEDEFAULT"},"hover":{"color":"CT_CSS_SKIP_RULEDEFAULT"}},"page_meta_button_type_background_colors":{"default":{"color":"CT_CSS_SKIP_RULEDEFAULT"},"hover":{"color":"CT_CSS_SKIP_RULEDEFAULT"}},"pageExcerptFont":{"family":"Default","variation":"Default","size":"CT_CSS_SKIP_RULE","line-height":"CT_CSS_SKIP_RULE","letter-spacing":"CT_CSS_SKIP_RULE","text-transform":"CT_CSS_SKIP_RULE","text-decoration":"CT_CSS_SKIP_RULE"},"pageExcerptColor":{"default":{"color":"CT_CSS_SKIP_RULEDEFAULT"}},"breadcrumbsFont":{"family":"Default","variation":"Default","size":"CT_CSS_SKIP_RULE","line-height":"CT_CSS_SKIP_RULE","letter-spacing":"CT_CSS_SKIP_RULE","text-transform":"CT_CSS_SKIP_RULE","text-decoration":"CT_CSS_SKIP_RULE"},"breadcrumbsFontColor":{"default":{"color":"CT_CSS_SKIP_RULEDEFAULT"},"initial":{"color":"CT_CSS_SKIP_RULEDEFAULT"},"hover":{"color":"CT_CSS_SKIP_RULEDEFAULT"}},"pageTitleOverlay":{"background_type":"color","background_pattern":"type-1","background_image":{"attachment_id":null,"x":0,"y":0},"gradient":"linear-gradient(135deg,rgba(6,147,227,1) 0%,rgb(155,81,224) 100%)","background_repeat":"repeat","background_size":"auto","background_attachment":"scroll","patternColor":{"default":{"color":"#e5e7ea"}},"overlayColor":{"default":{"color":"CT_CSS_SKIP_RULE"}},"backgroundColor":{"default":{"color":"CT_CSS_SKIP_RULE"}}},"pageTitleBackground":{"background_type":"color","background_pattern":"type-1","background_image":{"attachment_id":null,"x":0,"y":0},"gradient":"linear-gradient(135deg,rgba(6,147,227,1) 0%,rgb(155,81,224) 100%)","background_repeat":"repeat","background_size":"auto","background_attachment":"scroll","patternColor":{"default":{"color":"#e5e7ea"}},"overlayColor":{"default":{"color":"CT_CSS_SKIP_RULE"}},"backgroundColor":{"default":{"color":"var(--theme-palette-color-6)"}}},"pageTitlePadding":{"top":"50px","bottom":"50px","left":"auto","right":"auto","linked":true},"2e05a9c38d0c36bceda7b14b88d788de":"","page_structure_type":"default","a94223346daed16993233c45c5846fc9":"","content_style_source":"inherit","content_style":"wide","vertical_spacing_source":"custom","content_area_spacing":"none","background":{"background_type":"color","background_pattern":"type-1","background_image":{"attachment_id":null,"x":0,"y":0},"gradient":"linear-gradient(135deg,rgba(6,147,227,1) 0%,rgb(155,81,224) 100%)","background_repeat":"repeat","background_size":"auto","background_attachment":"scroll","patternColor":{"default":{"color":"#e5e7ea"}},"overlayColor":{"default":{"color":"CT_CSS_SKIP_RULE"}},"backgroundColor":{"default":{"color":"CT_CSS_SKIP_RULE"}}},"content_background":{"background_type":"color","background_pattern":"type-1","background_image":{"attachment_id":null,"x":0,"y":0},"gradient":"linear-gradient(135deg,rgba(6,147,227,1) 0%,rgb(155,81,224) 100%)","background_repeat":"repeat","background_size":"auto","background_attachment":"scroll","patternColor":{"default":{"color":"#e5e7ea"}},"overlayColor":{"default":{"color":"CT_CSS_SKIP_RULE"}},"backgroundColor":{"default":{"color":"var(--theme-palette-color-8)"}}},"content_boxed_shadow":{"inherit":false,"blur":18,"spread":-6,"v_offset":12,"h_offset":0,"inset":false,"enable":true,"color":{"color":"rgba(34, 56, 101, 0.04)"}},"boxed_content_spacing":{"desktop":{"top":"40px","bottom":"40px","left":"40px","right":"40px","linked":true},"tablet":{"top":"35px","bottom":"35px","left":"35px","right":"35px","linked":true},"mobile":{"top":"20px","bottom":"20px","left":"20px","right":"20px","linked":true}},"content_boxed_radius":{"top":"3px","bottom":"3px","left":"3px","right":"3px","linked":true},"3ada77dc07bfaa247452c0ce87b83283":"","disable_featured_image":"no","disable_share_box":"no","disable_header":"no","disable_footer":"no","styles_descriptor":{"styles":{"desktop":"","tablet":"","mobile":""},"google_fonts":[],"version":6},"c1520e0c171ff62a862cccd198b5db4e":"","fb478f72fd2442d74f9a24d0b83fc3f9":"","bd2a79c1e55e8ea1648cd7bfe31100b9":"","8b1b758c92ec3143f21c03d8591a8d87":"","60c3e69010b70c71047c30e24b496391":"","3f323aba5c21edcbae60598e44ec2755":"","79aff2cc484aad5b0d0e54c70ae3c7a2":"","d461672d81a9f08f7a33c656f44f91e8":""},"yoast_head":"<!-- This site is optimized with the Yoast SEO plugin v27.3 - https:\/\/yoast.com\/product\/yoast-seo-wordpress\/ -->\n<title>Pie de imprenta - Blockhaus Ahlhorn<\/title>\n<meta name=\"robots\" content=\"noindex, follow\" \/>\n<meta property=\"og:locale\" content=\"es_ES\" \/>\n<meta property=\"og:type\" content=\"article\" \/>\n<meta property=\"og:title\" content=\"Pie de imprenta - Blockhaus Ahlhorn\" \/>\n<meta property=\"og:description\" content=\"Pie de imprenta Editor y persona responsable Blockhaus Ahlhorn gemeinn\u00fctzige GmbHrepresentada por el Director General Niels-Christan Heins Domicilio social de la empresa:Estanques de peces Ahlhorn 26197 Gro\u00dfenkneten Tel: 04435\/939-0 Fax: 04435\/939-111 Correo electr\u00f3nico: info@blockhaus-ahlhorn.de Internet: www.blockhaus-ahlhorn.de Datos de la empresa:Autoridad de control competente:Oficina Estatal de Supervisi\u00f3n Comercial de OldenburgDirecci\u00f3n postal: Theodor-Tantzen-Platz 826122 OldenburgApartado de correos: [&hellip;]\" \/>\n<meta property=\"og:url\" content=\"https:\/\/blockhaus-ahlhorn.de\/es\/pie-de-imprenta\/\" \/>\n<meta property=\"og:site_name\" content=\"Blockhaus Ahlhorn\" \/>\n<meta property=\"article:modified_time\" content=\"2023-06-18T21:37:32+00:00\" \/>\n<meta name=\"twitter:card\" content=\"summary_large_image\" \/>\n<meta name=\"twitter:label1\" content=\"Tiempo de lectura\" \/>\n\t<meta name=\"twitter:data1\" content=\"3 minutos\" \/>\n<script type=\"application\/ld+json\" class=\"yoast-schema-graph\">{\"@context\":\"https:\\\/\\\/schema.org\",\"@graph\":[{\"@type\":\"WebPage\",\"@id\":\"https:\\\/\\\/blockhaus-ahlhorn.de\\\/es\\\/pie-de-imprenta\\\/\",\"url\":\"https:\\\/\\\/blockhaus-ahlhorn.de\\\/es\\\/pie-de-imprenta\\\/\",\"name\":\"Pie de imprenta - Blockhaus Ahlhorn\",\"isPartOf\":{\"@id\":\"https:\\\/\\\/blockhaus-ahlhorn.de\\\/es\\\/#website\"},\"datePublished\":\"2022-11-26T18:40:53+00:00\",\"dateModified\":\"2023-06-18T21:37:32+00:00\",\"breadcrumb\":{\"@id\":\"https:\\\/\\\/blockhaus-ahlhorn.de\\\/es\\\/pie-de-imprenta\\\/#breadcrumb\"},\"inLanguage\":\"es\",\"potentialAction\":[{\"@type\":\"ReadAction\",\"target\":[\"https:\\\/\\\/blockhaus-ahlhorn.de\\\/es\\\/pie-de-imprenta\\\/\"]}]},{\"@type\":\"BreadcrumbList\",\"@id\":\"https:\\\/\\\/blockhaus-ahlhorn.de\\\/es\\\/pie-de-imprenta\\\/#breadcrumb\",\"itemListElement\":[{\"@type\":\"ListItem\",\"position\":1,\"name\":\"Startseite\",\"item\":\"https:\\\/\\\/blockhaus-ahlhorn.de\\\/es\\\/\"},{\"@type\":\"ListItem\",\"position\":2,\"name\":\"Pie de imprenta\"}]},{\"@type\":\"WebSite\",\"@id\":\"https:\\\/\\\/blockhaus-ahlhorn.de\\\/es\\\/#website\",\"url\":\"https:\\\/\\\/blockhaus-ahlhorn.de\\\/es\\\/\",\"name\":\"Blockhaus Ahlhorn\",\"description\":\"Heimatverbunden in Ahlhorn, Niedersachsen\",\"publisher\":{\"@id\":\"https:\\\/\\\/blockhaus-ahlhorn.de\\\/es\\\/#organization\"},\"potentialAction\":[{\"@type\":\"SearchAction\",\"target\":{\"@type\":\"EntryPoint\",\"urlTemplate\":\"https:\\\/\\\/blockhaus-ahlhorn.de\\\/es\\\/?s={search_term_string}\"},\"query-input\":{\"@type\":\"PropertyValueSpecification\",\"valueRequired\":true,\"valueName\":\"search_term_string\"}}],\"inLanguage\":\"es\"},{\"@type\":\"Organization\",\"@id\":\"https:\\\/\\\/blockhaus-ahlhorn.de\\\/es\\\/#organization\",\"name\":\"Blockhaus Ahlhorn\",\"url\":\"https:\\\/\\\/blockhaus-ahlhorn.de\\\/es\\\/\",\"logo\":{\"@type\":\"ImageObject\",\"inLanguage\":\"es\",\"@id\":\"https:\\\/\\\/blockhaus-ahlhorn.de\\\/es\\\/#\\\/schema\\\/logo\\\/image\\\/\",\"url\":\"https:\\\/\\\/blockhaus-ahlhorn.de\\\/wp-content\\\/uploads\\\/2022\\\/11\\\/Logo-Blockhaus-Alhorn.png\",\"contentUrl\":\"https:\\\/\\\/blockhaus-ahlhorn.de\\\/wp-content\\\/uploads\\\/2022\\\/11\\\/Logo-Blockhaus-Alhorn.png\",\"width\":1200,\"height\":350,\"caption\":\"Blockhaus Ahlhorn\"},\"image\":{\"@id\":\"https:\\\/\\\/blockhaus-ahlhorn.de\\\/es\\\/#\\\/schema\\\/logo\\\/image\\\/\"}}]}<\/script>\n<!-- \/ Yoast SEO plugin. -->","yoast_head_json":{"title":"Pie de imprenta - Blockhaus Ahlhorn","robots":{"index":"noindex","follow":"follow"},"og_locale":"es_ES","og_type":"article","og_title":"Pie de imprenta - Blockhaus Ahlhorn","og_description":"Pie de imprenta Editor y persona responsable Blockhaus Ahlhorn gemeinn\u00fctzige GmbHrepresentada por el Director General Niels-Christan Heins Domicilio social de la empresa:Estanques de peces Ahlhorn 26197 Gro\u00dfenkneten Tel: 04435\/939-0 Fax: 04435\/939-111 Correo electr\u00f3nico: info@blockhaus-ahlhorn.de Internet: www.blockhaus-ahlhorn.de Datos de la empresa:Autoridad de control competente:Oficina Estatal de Supervisi\u00f3n Comercial de OldenburgDirecci\u00f3n postal: Theodor-Tantzen-Platz 826122 OldenburgApartado de correos: [&hellip;]","og_url":"https:\/\/blockhaus-ahlhorn.de\/es\/pie-de-imprenta\/","og_site_name":"Blockhaus Ahlhorn","article_modified_time":"2023-06-18T21:37:32+00:00","twitter_card":"summary_large_image","twitter_misc":{"Tiempo de lectura":"3 minutos"},"schema":{"@context":"https:\/\/schema.org","@graph":[{"@type":"WebPage","@id":"https:\/\/blockhaus-ahlhorn.de\/es\/pie-de-imprenta\/","url":"https:\/\/blockhaus-ahlhorn.de\/es\/pie-de-imprenta\/","name":"Pie de imprenta - Blockhaus Ahlhorn","isPartOf":{"@id":"https:\/\/blockhaus-ahlhorn.de\/es\/#website"},"datePublished":"2022-11-26T18:40:53+00:00","dateModified":"2023-06-18T21:37:32+00:00","breadcrumb":{"@id":"https:\/\/blockhaus-ahlhorn.de\/es\/pie-de-imprenta\/#breadcrumb"},"inLanguage":"es","potentialAction":[{"@type":"ReadAction","target":["https:\/\/blockhaus-ahlhorn.de\/es\/pie-de-imprenta\/"]}]},{"@type":"BreadcrumbList","@id":"https:\/\/blockhaus-ahlhorn.de\/es\/pie-de-imprenta\/#breadcrumb","itemListElement":[{"@type":"ListItem","position":1,"name":"Startseite","item":"https:\/\/blockhaus-ahlhorn.de\/es\/"},{"@type":"ListItem","position":2,"name":"Pie de imprenta"}]},{"@type":"WebSite","@id":"https:\/\/blockhaus-ahlhorn.de\/es\/#website","url":"https:\/\/blockhaus-ahlhorn.de\/es\/","name":"Blockhaus Ahlhorn","description":"Heimatverbunden in Ahlhorn, Niedersachsen","publisher":{"@id":"https:\/\/blockhaus-ahlhorn.de\/es\/#organization"},"potentialAction":[{"@type":"SearchAction","target":{"@type":"EntryPoint","urlTemplate":"https:\/\/blockhaus-ahlhorn.de\/es\/?s={search_term_string}"},"query-input":{"@type":"PropertyValueSpecification","valueRequired":true,"valueName":"search_term_string"}}],"inLanguage":"es"},{"@type":"Organization","@id":"https:\/\/blockhaus-ahlhorn.de\/es\/#organization","name":"Blockhaus Ahlhorn","url":"https:\/\/blockhaus-ahlhorn.de\/es\/","logo":{"@type":"ImageObject","inLanguage":"es","@id":"https:\/\/blockhaus-ahlhorn.de\/es\/#\/schema\/logo\/image\/","url":"https:\/\/blockhaus-ahlhorn.de\/wp-content\/uploads\/2022\/11\/Logo-Blockhaus-Alhorn.png","contentUrl":"https:\/\/blockhaus-ahlhorn.de\/wp-content\/uploads\/2022\/11\/Logo-Blockhaus-Alhorn.png","width":1200,"height":350,"caption":"Blockhaus Ahlhorn"},"image":{"@id":"https:\/\/blockhaus-ahlhorn.de\/es\/#\/schema\/logo\/image\/"}}]}},"meta_box":[],"_links":{"self":[{"href":"https:\/\/blockhaus-ahlhorn.de\/es\/wp-json\/wp\/v2\/pages\/4269","targetHints":{"allow":["GET"]}}],"collection":[{"href":"https:\/\/blockhaus-ahlhorn.de\/es\/wp-json\/wp\/v2\/pages"}],"about":[{"href":"https:\/\/blockhaus-ahlhorn.de\/es\/wp-json\/wp\/v2\/types\/page"}],"author":[{"embeddable":true,"href":"https:\/\/blockhaus-ahlhorn.de\/es\/wp-json\/wp\/v2\/users\/1"}],"replies":[{"embeddable":true,"href":"https:\/\/blockhaus-ahlhorn.de\/es\/wp-json\/wp\/v2\/comments?post=4269"}],"version-history":[{"count":0,"href":"https:\/\/blockhaus-ahlhorn.de\/es\/wp-json\/wp\/v2\/pages\/4269\/revisions"}],"wp:attachment":[{"href":"https:\/\/blockhaus-ahlhorn.de\/es\/wp-json\/wp\/v2\/media?parent=4269"}],"curies":[{"name":"wp","href":"https:\/\/api.w.org\/{rel}","templated":true}]}}